{"id":2854,"date":"2020-05-04T16:20:55","date_gmt":"2020-05-04T16:20:55","guid":{"rendered":"https:\/\/the-plan.earth\/aviso-legal\/"},"modified":"2020-05-09T10:54:10","modified_gmt":"2020-05-09T10:54:10","slug":"aviso-legal","status":"publish","type":"page","link":"https:\/\/the-plan.earth\/pt-pt\/aviso-legal\/","title":{"rendered":"Aviso Legal"},"content":{"rendered":"<p>[et_pb_section fb_built=&#8221;1&#8243; module_id=&#8221;header&#8221; _builder_version=&#8221;4.0.9&#8243; background_image=&#8221;https:\/\/the-plan.earth\/wp-content\/uploads\/2019\/12\/background-top.jpg&#8221; width=&#8221;100%&#8221; height=&#8221;90px&#8221; max_height=&#8221;90px&#8221; custom_margin=&#8221;0px|0px|0px|0px|false|false&#8221; custom_padding=&#8221;0px|0px|0px|0px|false|false&#8221; border_style_all=&#8221;none&#8221; locked=&#8221;off&#8221; collapsed=&#8221;off&#8221;][et_pb_row column_structure=&#8221;1_3,1_3,1_3&#8243; make_equal=&#8221;on&#8221; admin_label=&#8221;Row&#8221; module_id=&#8221;header-row&#8221; _builder_version=&#8221;4.2.2&#8243; background_enable_image=&#8221;off&#8221; width=&#8221;100%&#8221; max_width=&#8221;100%&#8221; module_alignment=&#8221;center&#8221; custom_margin=&#8221;30px|0px|0px|0px|false|false&#8221; custom_padding=&#8221;0px|50px|0px|50px|false|false&#8221; global_module=&#8221;1404&#8243; saved_tabs=&#8221;all&#8221;][et_pb_column type=&#8221;1_3&#8243; _builder_version=&#8221;4.2.2&#8243;][et_pb_image src=&#8221;https:\/\/the-plan.earth\/wp-content\/uploads\/2020\/01\/the-plan-logo.png&#8221; src_tablet=&#8221;https:\/\/the-plan.earth\/wp-content\/uploads\/2020\/01\/the-plan-logo.png&#8221; src_phone=&#8221;https:\/\/the-plan.earth\/wp-content\/uploads\/2020\/01\/the-plan-logo-2.png&#8221; src_last_edited=&#8221;on|desktop&#8221; module_id=&#8221;logo&#8221; module_class=&#8221;no-wrap_row-column&#8221; _builder_version=&#8221;4.2.2&#8243; width=&#8221;147px&#8221; width_tablet=&#8221;147px&#8221; width_phone=&#8221;72px&#8221; width_last_edited=&#8221;on|desktop&#8221; max_width=&#8221;147px&#8221; max_width_tablet=&#8221;147px&#8221; max_width_phone=&#8221;72px&#8221; max_width_last_edited=&#8221;on|phone&#8221; module_alignment=&#8221;left&#8221; min_height=&#8221;40px&#8221; min_height_tablet=&#8221;40px&#8221; min_height_phone=&#8221;14px&#8221; min_height_last_edited=&#8221;on|desktop&#8221; height=&#8221;40px&#8221; height_tablet=&#8221;40px&#8221; height_phone=&#8221;14px&#8221; height_last_edited=&#8221;on|phone&#8221; max_height=&#8221;40px&#8221; max_height_tablet=&#8221;40px&#8221; max_height_phone=&#8221;14px&#8221; max_height_last_edited=&#8221;on|phone&#8221;][\/et_pb_image][\/et_pb_column][et_pb_column type=&#8221;1_3&#8243; _builder_version=&#8221;4.2.2&#8243; custom_css_main_element=&#8221;z-index:100;&#8221;][et_pb_image src=&#8221;https:\/\/the-plan.earth\/wp-content\/uploads\/2019\/12\/menu.png&#8221; align=&#8221;center&#8221; module_id=&#8221;main-menu-icon&#8221; module_class=&#8221;no-wrap_row-column half-size-image&#8221; _builder_version=&#8221;4.2.2&#8243; module_alignment=&#8221;center&#8221; custom_margin=&#8221;||||false|false&#8221;][\/et_pb_image][et_pb_text module_id=&#8221;main-menu-module&#8221; module_class=&#8221;main-menu-module&#8221; _builder_version=&#8221;4.2.2&#8243; z_index=&#8221;500&#8243; text_orientation=&#8221;center&#8221;]<a href=\"\/pt-pt\/#the-plan\">O Plano<\/a>\n<a href=\"\/pt-pt\/#the-vision\">A Vis\u00e3o<\/a>\n<a href=\"\/pt-pt\/#the-theory\">A Teoria<\/a>\n<a href=\"\/pt-pt\/#the-soul\">A Alma<\/a>\n<a href=\"\/pt-pt\/#the-way\">O Caminho<\/a>\n<a href=\"\/pt-pt\/#the-originators\">O Criadores<\/a>\n<a href=\"\/pt-pt\/#the-book\">O LIvro<\/a>\n[\/et_pb_text][\/et_pb_column][et_pb_column type=&#8221;1_3&#8243; _builder_version=&#8221;4.0.9&#8243; custom_padding=&#8221;||||false|false&#8221;][et_pb_text module_id=&#8221;language-selector&#8221; module_class=&#8221;no-wrap_row-column&#8221; _builder_version=&#8221;4.2.1&#8243; module_alignment=&#8221;right&#8221; custom_margin=&#8221;||||false|false&#8221;]\n<div class=\"wpml-ls-statics-shortcode_actions wpml-ls wpml-ls-legacy-list-horizontal\">\n\t<ul><li class=\"wpml-ls-slot-shortcode_actions wpml-ls-item wpml-ls-item-de wpml-ls-first-item wpml-ls-item-legacy-list-horizontal\">\n\t\t\t\t<a href=\"https:\/\/the-plan.earth\/\" class=\"wpml-ls-link\">\n                    <span class=\"wpml-ls-native\" lang=\"de\">DE<\/span><\/a>\n\t\t\t<\/li><li class=\"wpml-ls-slot-shortcode_actions wpml-ls-item wpml-ls-item-en wpml-ls-item-legacy-list-horizontal\">\n\t\t\t\t<a href=\"https:\/\/the-plan.earth\/en\/\" class=\"wpml-ls-link\">\n                    <span class=\"wpml-ls-native\" lang=\"en\">EN<\/span><\/a>\n\t\t\t<\/li><li class=\"wpml-ls-slot-shortcode_actions wpml-ls-item wpml-ls-item-pt-pt wpml-ls-current-language wpml-ls-item-legacy-list-horizontal\">\n\t\t\t\t<a href=\"https:\/\/the-plan.earth\/pt-pt\/\" class=\"wpml-ls-link\">\n                    <span class=\"wpml-ls-native\">PT<\/span><\/a>\n\t\t\t<\/li><li class=\"wpml-ls-slot-shortcode_actions wpml-ls-item wpml-ls-item-es wpml-ls-item-legacy-list-horizontal\">\n\t\t\t\t<a href=\"https:\/\/the-plan.earth\/es\/\" class=\"wpml-ls-link\">\n                    <span class=\"wpml-ls-native\" lang=\"es\">ES<\/span><\/a>\n\t\t\t<\/li><li class=\"wpml-ls-slot-shortcode_actions wpml-ls-item wpml-ls-item-ru wpml-ls-item-legacy-list-horizontal\">\n\t\t\t\t<a href=\"https:\/\/the-plan.earth\/ru\/\" class=\"wpml-ls-link\">\n                    <span class=\"wpml-ls-native\" lang=\"ru\">RU<\/span><\/a>\n\t\t\t<\/li><li class=\"wpml-ls-slot-shortcode_actions wpml-ls-item wpml-ls-item-nl wpml-ls-item-legacy-list-horizontal\">\n\t\t\t\t<a href=\"https:\/\/the-plan.earth\/nl\/\" class=\"wpml-ls-link\">\n                    <span class=\"wpml-ls-native\" lang=\"nl\">NL<\/span><\/a>\n\t\t\t<\/li><li class=\"wpml-ls-slot-shortcode_actions wpml-ls-item wpml-ls-item-fr wpml-ls-item-legacy-list-horizontal\">\n\t\t\t\t<a href=\"https:\/\/the-plan.earth\/fr\/\" class=\"wpml-ls-link\">\n                    <span class=\"wpml-ls-native\" lang=\"fr\">FR<\/span><\/a>\n\t\t\t<\/li><li class=\"wpml-ls-slot-shortcode_actions wpml-ls-item wpml-ls-item-it wpml-ls-last-item wpml-ls-item-legacy-list-horizontal\">\n\t\t\t\t<a href=\"https:\/\/the-plan.earth\/it\/\" class=\"wpml-ls-link\">\n                    <span class=\"wpml-ls-native\" lang=\"it\">IT<\/span><\/a>\n\t\t\t<\/li><\/ul>\n<\/div>\n[\/et_pb_text][\/et_pb_column][\/et_pb_row][\/et_pb_section][et_pb_section fb_built=&#8221;1&#8243; _builder_version=&#8221;4.0.9&#8243;][et_pb_row _builder_version=&#8221;4.0.9&#8243;][et_pb_column type=&#8221;4_4&#8243; _builder_version=&#8221;4.0.9&#8243;][et_pb_text _builder_version=&#8221;4.4.5&#8243; hover_enabled=&#8221;0&#8243;]<\/p>\n<h3>Impress\u00e3o e Declara\u00e7\u00e3o<\/h3>\n<p>Este site foi criado por:<\/p>\n<p>Editora: Verlag MEIGA GbR<br \/>\nMonika Berghoff e Saskia Breithardt<br \/>\nWaldsiedlung 15<br \/>\nD-14806 Bad Belzig<br \/>\nAlemanha<br \/>\nTelefone: +49 (0)33841-30538<br \/>\nfax: +49 (0)33841-38550<br \/>\nEmail: info (at) verlag-meiga.org<br \/>\nV.i.S.d.P.: Monika Berghoff<br \/>\nPode encontrar a nossa pol\u00edtica de privacidade <a href=\"https:\/\/the-plan.earth\/pt-pt\/politica-de-privacidade\/\">aqui.<\/a><\/p>\n<p><b>Cr\u00e9ditos das imagens:<br \/>\n<\/b>ESO\/VISTA\/J. Emerson<br \/>\niStockphoto<br \/>\nAdobe Stock<br \/>\nTAMERA<\/p>\n<p><b>Copyright:<\/b>Este \u00e9 o site da Verlag MEIGA GbR, representada pelos seus directores executivos. O local de jurisdi\u00e7\u00e3o \u00e9 Bad Belzig, Alemanha.<\/p>\n<p><b>Layout:<\/b>O layout, design e elementos gr\u00e1ficos s\u00e3o propriedade da editora MEIGA GbR e s\u00f3 podem ser utilizados, mesmo em parte, por terceiros se tiver sido concedida a devida autoriza\u00e7\u00e3o. O mesmo se aplica a todos os motivos e textos das fotografias dos produtos apresentados; s\u00e3o igualmente protegidos por direitos de autor e s\u00e3o propriedade da Verlag MEIGA GbR ou sob licen\u00e7a na distribui\u00e7\u00e3o da Verlag MEIGA GbR. Terceiros necessitam de autoriza\u00e7\u00e3o pr\u00e9via para os utilizar, mesmo em parte.<\/p>\n<p><b>Exclus\u00e3o de responsabilidade<\/b>: Distanciamo-nos, com toda a clareza, de qualquer conte\u00fado ilegal, pessoal, moral ou eticamente ofensivo em p\u00e1ginas que possam ser alcan\u00e7adas directa ou indirectamente atrav\u00e9s dos nossos links externos.<\/p>\n<p><b>Advert\u00eancia jur\u00eddica:<\/b>A editora MEIGA verifica e actualiza constantemente as informa\u00e7\u00f5es nos seus sites. Apesar de todos os cuidados tomados, os dados podem ter mudado entretanto. Por conseguinte, n\u00e3o podemos assumir qualquer responsabilidade ou garantir que as informa\u00e7\u00f5es fornecidas estejam actualizadas, correctas e completas. O mesmo se aplica a todos os outros sites referidos por hyperlink. A editora MEIGA n\u00e3o se responsabiliza pelo conte\u00fado dos websites que s\u00e3o alcan\u00e7ados atrav\u00e9s de tal link.<\/p>\n<p>Al\u00e9m disso, a Verlag MEIGA reserva-se o direito de fazer altera\u00e7\u00f5es ou aditamentos \u00e0s informa\u00e7\u00f5es fornecidas.<\/p>\n<p>Esta obra ou conte\u00fado da Verlag Meiga est\u00e1 licenciado sob uma <a href=\"https:\/\/creativecommons.org\/licenses\/by-nc-nd\/3.0\/de\/deed.pt\">Licen\u00e7a Creative Commons Atribui\u00e7\u00e3o &#8211; Sem Uso Comercial &#8211; Sem Obras Derivadas 3.0 Alemanha.<\/a><\/p>\n<p>[\/et_pb_text][\/et_pb_column][\/et_pb_row][\/et_pb_section][et_pb_section fb_built=&#8221;1&#8243; module_id=&#8221;footer&#8221; _builder_version=&#8221;4.2.2&#8243; background_color=&#8221;#092d4f&#8221; width=&#8221;100%&#8221; max_width=&#8221;100%&#8221; custom_margin=&#8221;40px|0px|0px|0px|false|true&#8221; custom_padding=&#8221;36px|0px|40px|0px|false|false&#8221; border_width_all=&#8221;1px&#8221; border_color_all=&#8221;rgba(0,0,0,0)&#8221; global_module=&#8221;1392&#8243; saved_tabs=&#8221;all&#8221; collapsed=&#8221;off&#8221;][et_pb_row column_structure=&#8221;1_3,1_3,1_3&#8243; module_class=&#8221;footer-row&#8221; _builder_version=&#8221;4.0.9&#8243; width=&#8221;100%&#8221; module_alignment=&#8221;center&#8221;][et_pb_column type=&#8221;1_3&#8243; _builder_version=&#8221;4.0.9&#8243;][et_pb_text _builder_version=&#8221;4.2.1&#8243;]<\/p>\n<p><a href=\"mailto:info@the-plan.earth\">Contacto<\/a><\/p>\n<p>[\/et_pb_text][\/et_pb_column][et_pb_column type=&#8221;1_3&#8243; _builder_version=&#8221;4.0.9&#8243;][et_pb_text _builder_version=&#8221;4.2.1&#8243;]<\/p>\n<p><a href=\"https:\/\/the-plan.earth\/pt-pt\/aviso-legal\/\">Aviso legal<\/a><\/p>\n<p>[\/et_pb_text][\/et_pb_column][et_pb_column type=&#8221;1_3&#8243; _builder_version=&#8221;4.0.9&#8243;][et_pb_text _builder_version=&#8221;4.2.1&#8243;]<\/p>\n<p><a href=\"https:\/\/the-plan.earth\/pt-pt\/politica-de-privacidade\/\">Pol\u00edtica de privacidade<\/a><\/p>\n<p>[\/et_pb_text][\/et_pb_column][\/et_pb_row][et_pb_row module_class=&#8221;footer-row&#8221; _builder_version=&#8221;4.0.9&#8243; width=&#8221;100%&#8221; max_width=&#8221;100%&#8221; module_alignment=&#8221;center&#8221;][et_pb_column type=&#8221;4_4&#8243; _builder_version=&#8221;4.0.9&#8243;][et_pb_text _builder_version=&#8221;4.2.1&#8243; text_orientation=&#8221;center&#8221;]<\/p>\n<p>\u00a9 2020 Verlag Meiga<\/p>\n<p>[\/et_pb_text][\/et_pb_column][\/et_pb_row][\/et_pb_section]<\/p>\n","protected":false},"excerpt":{"rendered":"<p><a href=\"\/pt-pt\/#the-plan\">O Plano<\/a>\n<a href=\"\/pt-pt\/#the-vision\">A Vis\u00e3o<\/a>\n<a href=\"\/pt-pt\/#the-theory\">A Teoria<\/a>\n<a href=\"\/pt-pt\/#the-soul\">A Alma<\/a>\n<a href=\"\/pt-pt\/#the-way\">O Caminho<\/a>\n<a href=\"\/pt-pt\/#the-originators\">O Criadores<\/a>\n<a href=\"\/pt-pt\/#the-book\">O LIvro<\/a>\n\n<div class=\"wpml-ls-statics-shortcode_actions wpml-ls wpml-ls-legacy-list-horizontal\">\n\t<ul><li class=\"wpml-ls-slot-shortcode_actions wpml-ls-item wpml-ls-item-de wpml-ls-first-item wpml-ls-item-legacy-list-horizontal\">\n\t\t\t\t<a href=\"https:\/\/the-plan.earth\/\" class=\"wpml-ls-link\">\n                    <span class=\"wpml-ls-native\" lang=\"de\">DE<\/span><\/a>\n\t\t\t<\/li><li class=\"wpml-ls-slot-shortcode_actions wpml-ls-item wpml-ls-item-en wpml-ls-item-legacy-list-horizontal\">\n\t\t\t\t<a href=\"https:\/\/the-plan.earth\/en\/\" class=\"wpml-ls-link\">\n                    <span class=\"wpml-ls-native\" lang=\"en\">EN<\/span><\/a>\n\t\t\t<\/li><li class=\"wpml-ls-slot-shortcode_actions wpml-ls-item wpml-ls-item-pt-pt wpml-ls-current-language wpml-ls-item-legacy-list-horizontal\">\n\t\t\t\t<a href=\"https:\/\/the-plan.earth\/pt-pt\/\" class=\"wpml-ls-link\">\n                    <span class=\"wpml-ls-native\">PT<\/span><\/a>\n\t\t\t<\/li><li class=\"wpml-ls-slot-shortcode_actions wpml-ls-item wpml-ls-item-es wpml-ls-item-legacy-list-horizontal\">\n\t\t\t\t<a href=\"https:\/\/the-plan.earth\/es\/\" class=\"wpml-ls-link\">\n                    <span class=\"wpml-ls-native\" lang=\"es\">ES<\/span><\/a>\n\t\t\t<\/li><li class=\"wpml-ls-slot-shortcode_actions wpml-ls-item wpml-ls-item-ru wpml-ls-item-legacy-list-horizontal\">\n\t\t\t\t<a href=\"https:\/\/the-plan.earth\/ru\/\" class=\"wpml-ls-link\">\n                    <span class=\"wpml-ls-native\" lang=\"ru\">RU<\/span><\/a>\n\t\t\t<\/li><li class=\"wpml-ls-slot-shortcode_actions wpml-ls-item wpml-ls-item-nl wpml-ls-item-legacy-list-horizontal\">\n\t\t\t\t<a href=\"https:\/\/the-plan.earth\/nl\/\" class=\"wpml-ls-link\">\n                    <span class=\"wpml-ls-native\" lang=\"nl\">NL<\/span><\/a>\n\t\t\t<\/li><li class=\"wpml-ls-slot-shortcode_actions wpml-ls-item wpml-ls-item-fr wpml-ls-item-legacy-list-horizontal\">\n\t\t\t\t<a href=\"https:\/\/the-plan.earth\/fr\/\" class=\"wpml-ls-link\">\n                    <span class=\"wpml-ls-native\" lang=\"fr\">FR<\/span><\/a>\n\t\t\t<\/li><li class=\"wpml-ls-slot-shortcode_actions wpml-ls-item wpml-ls-item-it wpml-ls-last-item wpml-ls-item-legacy-list-horizontal\">\n\t\t\t\t<a href=\"https:\/\/the-plan.earth\/it\/\" class=\"wpml-ls-link\">\n                    <span class=\"wpml-ls-native\" lang=\"it\">IT<\/span><\/a>\n\t\t\t<\/li><\/ul>\n<\/div>\n Impress\u00e3o e Declara\u00e7\u00e3o Este site foi criado por: Editora: Verlag MEIGA GbR Monika Berghoff e Saskia Breithardt Waldsiedlung 15 D-14806 Bad Belzig Alemanha Telefone: +49 (0)33841-30538 fax: +49 (0)33841-38550 Email: info (at) verlag-meiga.org V.i.S.d.P.: Monika Berghoff Pode encontrar a nossa pol\u00edtica de privacidade aqui. Cr\u00e9ditos das imagens: ESO\/VISTA\/J. Emerson iStockphoto Adobe [&hellip;]<\/p>\n","protected":false},"author":1,"featured_media":0,"parent":0,"menu_order":0,"comment_status":"closed","ping_status":"closed","template":"page-template-blank.php","meta":{"_et_pb_use_builder":"on","_et_pb_old_content":"","_et_gb_content_width":"","footnotes":""},"class_list":["post-2854","page","type-page","status-publish","hentry"],"_links":{"self":[{"href":"https:\/\/the-plan.earth\/pt-pt\/wp-json\/wp\/v2\/pages\/2854","targetHints":{"allow":["GET"]}}],"collection":[{"href":"https:\/\/the-plan.earth\/pt-pt\/wp-json\/wp\/v2\/pages"}],"about":[{"href":"https:\/\/the-plan.earth\/pt-pt\/wp-json\/wp\/v2\/types\/page"}],"author":[{"embeddable":true,"href":"https:\/\/the-plan.earth\/pt-pt\/wp-json\/wp\/v2\/users\/1"}],"replies":[{"embeddable":true,"href":"https:\/\/the-plan.earth\/pt-pt\/wp-json\/wp\/v2\/comments?post=2854"}],"version-history":[{"count":13,"href":"https:\/\/the-plan.earth\/pt-pt\/wp-json\/wp\/v2\/pages\/2854\/revisions"}],"predecessor-version":[{"id":2956,"href":"https:\/\/the-plan.earth\/pt-pt\/wp-json\/wp\/v2\/pages\/2854\/revisions\/2956"}],"wp:attachment":[{"href":"https:\/\/the-plan.earth\/pt-pt\/wp-json\/wp\/v2\/media?parent=2854"}],"curies":[{"name":"wp","href":"https:\/\/api.w.org\/{rel}","templated":true}]}}