{"id":2852,"date":"2020-05-04T16:09:54","date_gmt":"2020-05-04T16:09:54","guid":{"rendered":"https:\/\/the-plan.earth\/politica-de-privacidade\/"},"modified":"2020-05-09T10:12:23","modified_gmt":"2020-05-09T10:12:23","slug":"politica-de-privacidade","status":"publish","type":"page","link":"https:\/\/the-plan.earth\/pt-pt\/politica-de-privacidade\/","title":{"rendered":"Pol\u00edtica de privacidade"},"content":{"rendered":"<p>[et_pb_section fb_built=&#8221;1&#8243; module_id=&#8221;header&#8221; _builder_version=&#8221;4.0.9&#8243; background_image=&#8221;https:\/\/the-plan.earth\/wp-content\/uploads\/2019\/12\/background-top.jpg&#8221; width=&#8221;100%&#8221; height=&#8221;90px&#8221; max_height=&#8221;90px&#8221; custom_margin=&#8221;0px|0px|0px|0px|false|false&#8221; custom_padding=&#8221;0px|0px|0px|0px|false|false&#8221; border_style_all=&#8221;none&#8221; locked=&#8221;off&#8221; collapsed=&#8221;off&#8221;][et_pb_row column_structure=&#8221;1_3,1_3,1_3&#8243; make_equal=&#8221;on&#8221; admin_label=&#8221;Row&#8221; module_id=&#8221;header-row&#8221; _builder_version=&#8221;4.2.2&#8243; background_enable_image=&#8221;off&#8221; width=&#8221;100%&#8221; max_width=&#8221;100%&#8221; module_alignment=&#8221;center&#8221; custom_margin=&#8221;30px|0px|0px|0px|false|false&#8221; custom_padding=&#8221;0px|50px|0px|50px|false|false&#8221; global_module=&#8221;1404&#8243; saved_tabs=&#8221;all&#8221;][et_pb_column type=&#8221;1_3&#8243; _builder_version=&#8221;4.2.2&#8243;][et_pb_image src=&#8221;https:\/\/the-plan.earth\/wp-content\/uploads\/2020\/01\/the-plan-logo.png&#8221; src_tablet=&#8221;https:\/\/the-plan.earth\/wp-content\/uploads\/2020\/01\/the-plan-logo.png&#8221; src_phone=&#8221;https:\/\/the-plan.earth\/wp-content\/uploads\/2020\/01\/the-plan-logo-2.png&#8221; src_last_edited=&#8221;on|desktop&#8221; module_id=&#8221;logo&#8221; module_class=&#8221;no-wrap_row-column&#8221; _builder_version=&#8221;4.2.2&#8243; width=&#8221;147px&#8221; width_tablet=&#8221;147px&#8221; width_phone=&#8221;72px&#8221; width_last_edited=&#8221;on|desktop&#8221; max_width=&#8221;147px&#8221; max_width_tablet=&#8221;147px&#8221; max_width_phone=&#8221;72px&#8221; max_width_last_edited=&#8221;on|phone&#8221; module_alignment=&#8221;left&#8221; min_height=&#8221;40px&#8221; min_height_tablet=&#8221;40px&#8221; min_height_phone=&#8221;14px&#8221; min_height_last_edited=&#8221;on|desktop&#8221; height=&#8221;40px&#8221; height_tablet=&#8221;40px&#8221; height_phone=&#8221;14px&#8221; height_last_edited=&#8221;on|phone&#8221; max_height=&#8221;40px&#8221; max_height_tablet=&#8221;40px&#8221; max_height_phone=&#8221;14px&#8221; max_height_last_edited=&#8221;on|phone&#8221;][\/et_pb_image][\/et_pb_column][et_pb_column type=&#8221;1_3&#8243; _builder_version=&#8221;4.2.2&#8243; custom_css_main_element=&#8221;z-index:100;&#8221;][et_pb_image src=&#8221;https:\/\/the-plan.earth\/wp-content\/uploads\/2019\/12\/menu.png&#8221; align=&#8221;center&#8221; module_id=&#8221;main-menu-icon&#8221; module_class=&#8221;no-wrap_row-column half-size-image&#8221; _builder_version=&#8221;4.2.2&#8243; module_alignment=&#8221;center&#8221; custom_margin=&#8221;||||false|false&#8221;][\/et_pb_image][et_pb_text module_id=&#8221;main-menu-module&#8221; module_class=&#8221;main-menu-module&#8221; _builder_version=&#8221;4.2.2&#8243; z_index=&#8221;500&#8243; text_orientation=&#8221;center&#8221;]<a href=\"\/pt-pt\/#the-plan\">O Plano<\/a>\n<a href=\"\/pt-pt\/#the-vision\">A Vis\u00e3o<\/a>\n<a href=\"\/pt-pt\/#the-theory\">A Teoria<\/a>\n<a href=\"\/pt-pt\/#the-soul\">A Alma<\/a>\n<a href=\"\/pt-pt\/#the-way\">O Caminho<\/a>\n<a href=\"\/pt-pt\/#the-originators\">O Criadores<\/a>\n<a href=\"\/pt-pt\/#the-book\">O LIvro<\/a>\n[\/et_pb_text][\/et_pb_column][et_pb_column type=&#8221;1_3&#8243; _builder_version=&#8221;4.0.9&#8243; custom_padding=&#8221;||||false|false&#8221;][et_pb_text module_id=&#8221;language-selector&#8221; module_class=&#8221;no-wrap_row-column&#8221; _builder_version=&#8221;4.2.1&#8243; module_alignment=&#8221;right&#8221; custom_margin=&#8221;||||false|false&#8221;]\n<div class=\"wpml-ls-statics-shortcode_actions wpml-ls wpml-ls-legacy-list-horizontal\">\n\t<ul><li class=\"wpml-ls-slot-shortcode_actions wpml-ls-item wpml-ls-item-de wpml-ls-first-item wpml-ls-item-legacy-list-horizontal\">\n\t\t\t\t<a href=\"https:\/\/the-plan.earth\/\" class=\"wpml-ls-link\">\n                    <span class=\"wpml-ls-native\" lang=\"de\">DE<\/span><\/a>\n\t\t\t<\/li><li class=\"wpml-ls-slot-shortcode_actions wpml-ls-item wpml-ls-item-en wpml-ls-item-legacy-list-horizontal\">\n\t\t\t\t<a href=\"https:\/\/the-plan.earth\/en\/\" class=\"wpml-ls-link\">\n                    <span class=\"wpml-ls-native\" lang=\"en\">EN<\/span><\/a>\n\t\t\t<\/li><li class=\"wpml-ls-slot-shortcode_actions wpml-ls-item wpml-ls-item-pt-pt wpml-ls-current-language wpml-ls-item-legacy-list-horizontal\">\n\t\t\t\t<a href=\"https:\/\/the-plan.earth\/pt-pt\/\" class=\"wpml-ls-link\">\n                    <span class=\"wpml-ls-native\">PT<\/span><\/a>\n\t\t\t<\/li><li class=\"wpml-ls-slot-shortcode_actions wpml-ls-item wpml-ls-item-es wpml-ls-item-legacy-list-horizontal\">\n\t\t\t\t<a href=\"https:\/\/the-plan.earth\/es\/\" class=\"wpml-ls-link\">\n                    <span class=\"wpml-ls-native\" lang=\"es\">ES<\/span><\/a>\n\t\t\t<\/li><li class=\"wpml-ls-slot-shortcode_actions wpml-ls-item wpml-ls-item-ru wpml-ls-item-legacy-list-horizontal\">\n\t\t\t\t<a href=\"https:\/\/the-plan.earth\/ru\/\" class=\"wpml-ls-link\">\n                    <span class=\"wpml-ls-native\" lang=\"ru\">RU<\/span><\/a>\n\t\t\t<\/li><li class=\"wpml-ls-slot-shortcode_actions wpml-ls-item wpml-ls-item-nl wpml-ls-item-legacy-list-horizontal\">\n\t\t\t\t<a href=\"https:\/\/the-plan.earth\/nl\/\" class=\"wpml-ls-link\">\n                    <span class=\"wpml-ls-native\" lang=\"nl\">NL<\/span><\/a>\n\t\t\t<\/li><li class=\"wpml-ls-slot-shortcode_actions wpml-ls-item wpml-ls-item-fr wpml-ls-item-legacy-list-horizontal\">\n\t\t\t\t<a href=\"https:\/\/the-plan.earth\/fr\/\" class=\"wpml-ls-link\">\n                    <span class=\"wpml-ls-native\" lang=\"fr\">FR<\/span><\/a>\n\t\t\t<\/li><li class=\"wpml-ls-slot-shortcode_actions wpml-ls-item wpml-ls-item-it wpml-ls-last-item wpml-ls-item-legacy-list-horizontal\">\n\t\t\t\t<a href=\"https:\/\/the-plan.earth\/it\/\" class=\"wpml-ls-link\">\n                    <span class=\"wpml-ls-native\" lang=\"it\">IT<\/span><\/a>\n\t\t\t<\/li><\/ul>\n<\/div>\n[\/et_pb_text][\/et_pb_column][\/et_pb_row][\/et_pb_section][et_pb_section fb_built=&#8221;1&#8243; _builder_version=&#8221;4.0.9&#8243;][et_pb_row _builder_version=&#8221;4.0.9&#8243;][et_pb_column type=&#8221;4_4&#8243; _builder_version=&#8221;4.0.9&#8243;][et_pb_text _builder_version=&#8221;4.4.5&#8243; hover_enabled=&#8221;0&#8243;]<\/p>\n<h3>Pol\u00edtica de privacidade<\/h3>\n<p>Esta pol\u00edtica de privacidade explica a natureza, \u00e2mbito e objetivo da recolha e uso de dados dos visitantes e utilizados (Doravante referidos colectivamente como \u201cUtilizadores\u201d) por parte de<\/p>\n<p>Verlag Meiga GbR,<br \/>\nPropriet\u00e1rias: Monika Berghoff e Saskia Breithardt<br \/>\nWaldsiedlung 15<br \/>\nD-14806 Bad Belzig<br \/>\nGermany<\/p>\n<p>(Doravante \u201cProvedor\u201d) enquanto entidade respons\u00e1vel pela lei de prote\u00e7\u00e3o de dados.<\/p>\n<p>Para quest\u00f5es relativas a esta pol\u00edtica de privacidade, por favor contacte-nos durante os dias de semanas das 10:00 \u00e0s 12:00 para o telefone + 49-33841-30538 (por favor deixe mensagem caso estejamos ausentes \u2013 entraremos em contacto consigo assim que poss\u00edvel) ou via email para<br \/>\ninfo (at) verlag-meiga.org.<\/p>\n<p><strong>Recolha de dados de acesso<\/strong><br \/>\nO provedor recolhe dados em todos os acessos \u00e0s nossas p\u00e1ginas online e seus conte\u00fados (denominados \u201cserver log files\u201d). Informa\u00e7\u00e3o de acesso inclui nome da p\u00e1gina descarregada, ficheiro, data e hora de acesso, quantidade de dados transferidos, notifica\u00e7\u00e3o de recupera\u00e7\u00e3o bem-sucedida, tipo de browser bem como a sua vers\u00e3o, sistema operador do utilizador, URL de refer\u00eancia (p\u00e1gina previamente visitada), endere\u00e7o IP e o operador solicitante.<\/p>\n<p>O provedor utiliza os dados de protocolo sem mapear a identifica\u00e7\u00e3o do utilizador ou outro perfil de acordo com as provis\u00f5es estatu\u00e1rias, somente para as avalia\u00e7\u00f5es estat\u00edsticas para fins de opera\u00e7\u00e3o, seguran\u00e7a e optimiza\u00e7\u00e3o da oferta online. O provedor reserva-se o direito de guardar os dados para verifica\u00e7\u00e3o posterior em caso de suspeita de utiliza\u00e7\u00e3o ilegal por indica\u00e7\u00f5es concretas.<\/p>\n<p><strong>Recolha e uso de dados pessoais<\/strong><br \/>\nDados pessoais s\u00e3o somente recolhidos e usados quando permitido por lei ou atrav\u00e9s de consenso de recolha de dados por parte dos utilizadores. Por regra, s\u00e3o pedidos dados pessoais, tais como nome, endere\u00e7o eletr\u00f3nico e mensagem, aos utilizadores no formul\u00e1rio de resposta quando utilizando o nosso servi\u00e7o.<\/p>\n<p>A informa\u00e7\u00e3o pessoal disponibilizada aquando de compras eletr\u00f3nicas (tal como nome, endere\u00e7o eletr\u00f3nico, morada e dados banc\u00e1rios) \u00e9 utilizada pelo vendedor para efeitos de cumprimento do contrato. Estes dados ser\u00e3o mantidos confidenciais, encriptados e n\u00e3o ser\u00e3o partilhados com terceiros n\u00e3o envolvidos nos servi\u00e7os de encomenda, entrega e pagamento.<br \/>\nAquando do seu contacto com o vendedor (via formul\u00e1rio de contacto ou por email), a informa\u00e7\u00e3o do utilizador ser\u00e1 guardada para efeitos de processamento do seu pedido de contacto e informa\u00e7\u00e3o, assim como para eventuais quest\u00f5es adicionais que possam surgir.<\/p>\n<p>O provedor tomou as devidas medidas organizacionais, contractuais e de seguran\u00e7a tecnol\u00f3gica para garantir que as leis de protec\u00e7\u00e3o de dados s\u00e3o respeitadas, assim como a preven\u00e7\u00e3o de manipula\u00e7\u00e3o intencionada ou acidental, perda, destrui\u00e7\u00e3o ou acesso a pessoas n\u00e3o autorizadas aos mesmos.<\/p>\n<p><strong>Partilha de Dados com terceiros<br \/>\n<\/strong>Os dados pessoais ser\u00e3o somente partilhados com terceiros quando tal seja permitido por lei ou se o utilizador consentir a partilha dos mesmos.<\/p>\n<p>Este \u00e9 o caso de quando, por exemplo, a partilha dos dados para o cumprimento de obriga\u00e7\u00f5es contratuais por parte do utilizador e a morada de entrega a ser partilhada com uma entidade terceira, ou se os dados s\u00e3o requisitados pelas autoridades competentes tais como as autoridades policiais.<\/p>\n<p>Os dados pessoais dos utilizadores n\u00e3o ser\u00e3o utilizados para efeitos publicit\u00e1rios ou vendidos ou partilhados a terceiros para efeitos de cria\u00e7\u00e3o de perfis de utilizador.<\/p>\n<p><strong>Cookies<\/strong><br \/>\nO provedor utiliza o sistema \u201ccookies\u201d na sua loja online. Cookies s\u00e3o pequenos ficheiros armazenados nos computadores dos utilizadores e que podem armazenar informa\u00e7\u00f5es para os provedores. As cookies tempor\u00e1rias s\u00e3o apagadas depois do utilizador fechar o seu browser, e as cookies persistentes permanecem durante um per\u00edodo de tempo predeterminado e podem fazer com que dita informa\u00e7\u00e3o armazenada possa estar dispon\u00edvel aquando de novo acesso \u00e0 nossa loja online.<\/p>\n<p>As cookies s\u00e3o utilizadas, por um lado, para tornar o servi\u00e7o mais f\u00e1cil ao utilizador, por exemplo ao guardar as informa\u00e7\u00f5es do carrinho de compras de um utilizador.<\/p>\n<p>O utilizador pode aceitar o uso de cookies. A maioria dos browsers t\u00eam a op\u00e7\u00e3o de restringir o armazenamento de cookies ou de prevenir completamente o seu uso. O provedor tenta organizar a loja online de modo a que o uso de cookies n\u00e3o seja necess\u00e1rio. Em todo o caso, \u00e9 de salientar que, sem o uso de cookies, a utiliza\u00e7\u00e3o do site ser\u00e1 menos c\u00f3moda para o utilizador.<\/p>\n<p><strong>Cancelamento, altera\u00e7\u00f5es, correc\u00e7\u00f5es e actualiza\u00e7\u00f5es<\/strong><br \/>\nO utilizador tem o direito de obter informa\u00e7\u00e3o gratuitamente acerca do armazenamento dos seus dados pessoais por parte do provedor. Os dados de contacto podem ser encontrados na p\u00e1gina Contactos.<\/p>\n<p>Para al\u00e9m disso, o utilizador tem o direito de corrigir dados incorrectos, pedir pelo bloqueio ou pela elimina\u00e7\u00e3o dos seus dados pessoais, sempre que n\u00e3o haja qualquer obriga\u00e7\u00e3o legal por parte do provedor de os guardar.<\/p>\n<p><strong>Altera\u00e7\u00f5es \u00e0 Pol\u00edtica de Privacidade<br \/>\n<\/strong>O provedor reserva a si mesmo o direito de produzir altera\u00e7\u00f5es a esta Pol\u00edtica de Privacidade, sempre que reflicta as altera\u00e7\u00f5es na legisla\u00e7\u00e3o ou no processamento dos dados e servi\u00e7os por si operados.<\/p>\n<p><strong>Pol\u00edtica de privacidade<br \/>\n<\/strong>Esta pol\u00edtica de privacidade explica a natureza, \u00e2mbito e objetivo da recolha e uso de dados dos visitantes e utilizados (Doravante referidos colectivamente como \u201cUtilizadores\u201d) por parte de<\/p>\n<p class=\"western\" align=\"left\"><span lang=\"en-GB\">Verlag Meiga GbR,<br \/>\nPropriet\u00e1rias: Monika Berghoff e Saskia Breithardt<br \/>\nWaldsiedlung 15<br \/>\nD-14806 Bad Belzig<br \/>\nGermany<\/span><\/p>\n<p class=\"western\" align=\"left\">(Doravante \u201cProvedor\u201d) enquanto entidade respons\u00e1vel pela lei de prote\u00e7\u00e3o de dados.<\/p>\n<p class=\"western\" align=\"left\">Para quest\u00f5es relativas a esta pol\u00edtica de privacidade, por favor contacte-nos durante os dias de semanas das 10:00 \u00e0s 12:00 para o telefone + 49-33841-30538 (por favor deixe mensagem caso estejamos ausentes \u2013 entraremos em contacto consigo assim que poss\u00edvel) ou via email para<br \/>\n<span lang=\"en-GB\">info (at) verlag-meiga.org.<\/span><\/p>\n<p class=\"western\" align=\"left\"><b>Recolha de dados de acesso <\/b><br \/>\nO provedor recolhe dados em todos os acessos \u00e0s nossas p\u00e1ginas online e seus conte\u00fados (denominados \u201cserver log files\u201d). Informa\u00e7\u00e3o de acesso inclui nome da p\u00e1gina descarregada, ficheiro, data e hora de acesso, quantidade de dados transferidos, notifica\u00e7\u00e3o de recupera\u00e7\u00e3o bem-sucedida, tipo de browser bem como a sua vers\u00e3o, sistema operador do utilizador, URL de refer\u00eancia (p\u00e1gina previamente visitada), endere\u00e7o IP e o operador solicitante.<\/p>\n<p class=\"western\" align=\"left\">O provedor utiliza os dados de protocolo sem mapear a identifica\u00e7\u00e3o do utilizador ou outro perfil de acordo com as provis\u00f5es estatu\u00e1rias, somente para as avalia\u00e7\u00f5es estat\u00edsticas para fins de opera\u00e7\u00e3o, seguran\u00e7a e optimiza\u00e7\u00e3o da oferta online. O provedor reserva-se o direito de guardar os dados para verifica\u00e7\u00e3o posterior em caso de suspeita de utiliza\u00e7\u00e3o ilegal por indica\u00e7\u00f5es concretas.<\/p>\n<p class=\"western\" align=\"left\"><b>Recolha e uso de dados pessoais<\/b><br \/>\nDados pessoais s\u00e3o somente recolhidos e usados quando permitido por lei ou atrav\u00e9s de consenso de recolha de dados por parte dos utilizadores. Por regra, s\u00e3o pedidos dados pessoais, tais como nome, endere\u00e7o eletr\u00f3nico e mensagem, aos utilizadores no formul\u00e1rio de resposta quando utilizando o nosso servi\u00e7o.<\/p>\n<p class=\"western\" align=\"left\">A informa\u00e7\u00e3o pessoal disponibilizada aquando de compras eletr\u00f3nicas (tal como nome, endere\u00e7o eletr\u00f3nico, morada e dados banc\u00e1rios) \u00e9 utilizada pelo vendedor para efeitos de cumprimento do contrato. Estes dados ser\u00e3o mantidos confidenciais, encriptados e n\u00e3o ser\u00e3o partilhados com terceiros n\u00e3o envolvidos nos servi\u00e7os de encomenda, entrega e pagamento.<br \/>\nAquando do seu contacto com o vendedor (via formul\u00e1rio de contacto ou por email), a informa\u00e7\u00e3o do utilizador ser\u00e1 guardada para efeitos de processamento do seu pedido de contacto e informa\u00e7\u00e3o, assim como para eventuais quest\u00f5es adicionais que possam surgir.<\/p>\n<p class=\"western\" align=\"left\">O provedor tomou as devidas medidas organizacionais, contractuais e de seguran\u00e7a tecnol\u00f3gica para garantir que as leis de protec\u00e7\u00e3o de dados s\u00e3o respeitadas, assim como a preven\u00e7\u00e3o de manipula\u00e7\u00e3o intencionada ou acidental, perda, destrui\u00e7\u00e3o ou acesso a pessoas n\u00e3o autorizadas aos mesmos.<\/p>\n<p class=\"western\" align=\"left\"><span lang=\"en-GB\"><b>Partilha de Dados com terceiros <\/b><\/span><\/p>\n<p class=\"western\" align=\"left\">Os dados pessoais ser\u00e3o somente partilhados com terceiros quando tal seja permitido por lei ou se o utilizador consentir a partilha dos mesmos.<\/p>\n<p class=\"western\" align=\"left\">Este \u00e9 o caso de quando, por exemplo, a partilha dos dados para o cumprimento de obriga\u00e7\u00f5es contratuais por parte do utilizador e a morada de entrega a ser partilhada com uma entidade terceira, ou se os dados s\u00e3o requisitados pelas autoridades competentes tais como as autoridades policiais.<\/p>\n<p class=\"western\" align=\"left\">Os dados pessoais dos utilizadores n\u00e3o ser\u00e3o utilizados para efeitos publicit\u00e1rios ou vendidos ou partilhados a terceiros para efeitos de cria\u00e7\u00e3o de perfis de utilizador.<\/p>\n<p class=\"western\" align=\"left\"><b>Cookies<\/b><br \/>\nO provedor utiliza o sistema \u201ccookies\u201d na sua loja online. Cookies s\u00e3o pequenos ficheiros armazenados nos computadores dos utilizadores e que podem armazenar informa\u00e7\u00f5es para os provedores. As cookies tempor\u00e1rias s\u00e3o apagadas depois do utilizador fechar o seu browser, e as cookies persistentes permanecem durante um per\u00edodo de tempo predeterminado e podem fazer com que dita informa\u00e7\u00e3o armazenada possa estar dispon\u00edvel aquando de novo acesso \u00e0 nossa loja online.<\/p>\n<p class=\"western\" align=\"left\">As cookies s\u00e3o utilizadas, por um lado, para tornar o servi\u00e7o mais f\u00e1cil ao utilizador, por exemplo ao guardar as informa\u00e7\u00f5es do carrinho de compras de um utilizador.<\/p>\n<p class=\"western\" align=\"left\">O utilizador pode aceitar o uso de cookies. A maioria dos browsers t\u00eam a op\u00e7\u00e3o de restringir o armazenamento de cookies ou de prevenir completamente o seu uso. O provedor tenta organizar a loja online de modo a que o uso de cookies n\u00e3o seja necess\u00e1rio. Em todo o caso, \u00e9 de salientar que, sem o uso de cookies, a utiliza\u00e7\u00e3o do site ser\u00e1 menos c\u00f3moda para o utilizador.<\/p>\n<p class=\"western\" align=\"left\"><b>Cancelamento, altera\u00e7\u00f5es, correc\u00e7\u00f5es e actualiza\u00e7\u00f5es<br \/>\n<\/b>O utilizador tem o direito de obter informa\u00e7\u00e3o gratuitamente acerca do armazenamento dos seus dados pessoais por parte do provedor. Os dados de contacto podem ser encontrados na p\u00e1gina Contactos.<\/p>\n<p class=\"western\" align=\"left\">Para al\u00e9m disso, o utilizador tem o direito de corrigir dados incorrectos, pedir pelo bloqueio ou pela elimina\u00e7\u00e3o dos seus dados pessoais, sempre que n\u00e3o haja qualquer obriga\u00e7\u00e3o legal por parte do provedor de os guardar.<\/p>\n<p class=\"western\" align=\"left\"><span lang=\"en-GB\"><b>Altera\u00e7\u00f5es \u00e0 Pol\u00edtica de Privacidade<br \/>\n<\/b><\/span>O provedor reserva a si mesmo o direito de produzir altera\u00e7\u00f5es a esta Pol\u00edtica de Privacidade, sempre que reflicta as altera\u00e7\u00f5es na legisla\u00e7\u00e3o ou no processamento dos dados e servi\u00e7os por si operados.<\/p>\n<p>[\/et_pb_text][\/et_pb_column][\/et_pb_row][\/et_pb_section][et_pb_section fb_built=&#8221;1&#8243; module_id=&#8221;footer&#8221; _builder_version=&#8221;4.2.2&#8243; background_color=&#8221;#092d4f&#8221; width=&#8221;100%&#8221; max_width=&#8221;100%&#8221; custom_margin=&#8221;40px|0px|0px|0px|false|true&#8221; custom_padding=&#8221;36px|0px|40px|0px|false|false&#8221; border_width_all=&#8221;1px&#8221; border_color_all=&#8221;rgba(0,0,0,0)&#8221; global_module=&#8221;1392&#8243; saved_tabs=&#8221;all&#8221; collapsed=&#8221;off&#8221;][et_pb_row column_structure=&#8221;1_3,1_3,1_3&#8243; module_class=&#8221;footer-row&#8221; _builder_version=&#8221;4.0.9&#8243; width=&#8221;100%&#8221; module_alignment=&#8221;center&#8221;][et_pb_column type=&#8221;1_3&#8243; _builder_version=&#8221;4.0.9&#8243;][et_pb_text _builder_version=&#8221;4.2.1&#8243;]<a href=\"mailto:info@the-plan.earth\">Contacto<\/a>[\/et_pb_text][\/et_pb_column][et_pb_column type=&#8221;1_3&#8243; _builder_version=&#8221;4.0.9&#8243;][et_pb_text _builder_version=&#8221;4.2.1&#8243;]<a href=\"https:\/\/the-plan.earth\/pt-pt\/aviso-legal\/\">Aviso legal <\/a>[\/et_pb_text][\/et_pb_column][et_pb_column type=&#8221;1_3&#8243; _builder_version=&#8221;4.0.9&#8243;][et_pb_text _builder_version=&#8221;4.2.1&#8243;]<a href=\"https:\/\/the-plan.earth\/pt-pt\/politica-de-privacidade\/\">Pol\u00edtica de privacidade<\/a>[\/et_pb_text][\/et_pb_column][\/et_pb_row][et_pb_row module_class=&#8221;footer-row&#8221; _builder_version=&#8221;4.0.9&#8243; width=&#8221;100%&#8221; max_width=&#8221;100%&#8221; module_alignment=&#8221;center&#8221;][et_pb_column type=&#8221;4_4&#8243; _builder_version=&#8221;4.0.9&#8243;][et_pb_text _builder_version=&#8221;4.2.1&#8243; text_orientation=&#8221;center&#8221;]\u00a9 2020 Verlag Meiga[\/et_pb_text][\/et_pb_column][\/et_pb_row][\/et_pb_section]<\/p>\n","protected":false},"excerpt":{"rendered":"<p><a href=\"\/pt-pt\/#the-plan\">O Plano<\/a>\n<a href=\"\/pt-pt\/#the-vision\">A Vis\u00e3o<\/a>\n<a href=\"\/pt-pt\/#the-theory\">A Teoria<\/a>\n<a href=\"\/pt-pt\/#the-soul\">A Alma<\/a>\n<a href=\"\/pt-pt\/#the-way\">O Caminho<\/a>\n<a href=\"\/pt-pt\/#the-originators\">O Criadores<\/a>\n<a href=\"\/pt-pt\/#the-book\">O LIvro<\/a>\n\n<div class=\"wpml-ls-statics-shortcode_actions wpml-ls wpml-ls-legacy-list-horizontal\">\n\t<ul><li class=\"wpml-ls-slot-shortcode_actions wpml-ls-item wpml-ls-item-de wpml-ls-first-item wpml-ls-item-legacy-list-horizontal\">\n\t\t\t\t<a href=\"https:\/\/the-plan.earth\/\" class=\"wpml-ls-link\">\n                    <span class=\"wpml-ls-native\" lang=\"de\">DE<\/span><\/a>\n\t\t\t<\/li><li class=\"wpml-ls-slot-shortcode_actions wpml-ls-item wpml-ls-item-en wpml-ls-item-legacy-list-horizontal\">\n\t\t\t\t<a href=\"https:\/\/the-plan.earth\/en\/\" class=\"wpml-ls-link\">\n                    <span class=\"wpml-ls-native\" lang=\"en\">EN<\/span><\/a>\n\t\t\t<\/li><li class=\"wpml-ls-slot-shortcode_actions wpml-ls-item wpml-ls-item-pt-pt wpml-ls-current-language wpml-ls-item-legacy-list-horizontal\">\n\t\t\t\t<a href=\"https:\/\/the-plan.earth\/pt-pt\/\" class=\"wpml-ls-link\">\n                    <span class=\"wpml-ls-native\">PT<\/span><\/a>\n\t\t\t<\/li><li class=\"wpml-ls-slot-shortcode_actions wpml-ls-item wpml-ls-item-es wpml-ls-item-legacy-list-horizontal\">\n\t\t\t\t<a href=\"https:\/\/the-plan.earth\/es\/\" class=\"wpml-ls-link\">\n                    <span class=\"wpml-ls-native\" lang=\"es\">ES<\/span><\/a>\n\t\t\t<\/li><li class=\"wpml-ls-slot-shortcode_actions wpml-ls-item wpml-ls-item-ru wpml-ls-item-legacy-list-horizontal\">\n\t\t\t\t<a href=\"https:\/\/the-plan.earth\/ru\/\" class=\"wpml-ls-link\">\n                    <span class=\"wpml-ls-native\" lang=\"ru\">RU<\/span><\/a>\n\t\t\t<\/li><li class=\"wpml-ls-slot-shortcode_actions wpml-ls-item wpml-ls-item-nl wpml-ls-item-legacy-list-horizontal\">\n\t\t\t\t<a href=\"https:\/\/the-plan.earth\/nl\/\" class=\"wpml-ls-link\">\n                    <span class=\"wpml-ls-native\" lang=\"nl\">NL<\/span><\/a>\n\t\t\t<\/li><li class=\"wpml-ls-slot-shortcode_actions wpml-ls-item wpml-ls-item-fr wpml-ls-item-legacy-list-horizontal\">\n\t\t\t\t<a href=\"https:\/\/the-plan.earth\/fr\/\" class=\"wpml-ls-link\">\n                    <span class=\"wpml-ls-native\" lang=\"fr\">FR<\/span><\/a>\n\t\t\t<\/li><li class=\"wpml-ls-slot-shortcode_actions wpml-ls-item wpml-ls-item-it wpml-ls-last-item wpml-ls-item-legacy-list-horizontal\">\n\t\t\t\t<a href=\"https:\/\/the-plan.earth\/it\/\" class=\"wpml-ls-link\">\n                    <span class=\"wpml-ls-native\" lang=\"it\">IT<\/span><\/a>\n\t\t\t<\/li><\/ul>\n<\/div>\nPol\u00edtica de privacidade Esta pol\u00edtica de privacidade explica a natureza, \u00e2mbito e objetivo da recolha e uso de dados dos visitantes e utilizados (Doravante referidos colectivamente como \u201cUtilizadores\u201d) por parte de Verlag Meiga GbR, Propriet\u00e1rias: Monika Berghoff e Saskia Breithardt Waldsiedlung 15 D-14806 Bad Belzig Germany (Doravante \u201cProvedor\u201d) enquanto entidade respons\u00e1vel pela [&hellip;]<\/p>\n","protected":false},"author":1,"featured_media":0,"parent":0,"menu_order":0,"comment_status":"closed","ping_status":"closed","template":"page-template-blank.php","meta":{"_et_pb_use_builder":"on","_et_pb_old_content":"","_et_gb_content_width":"","footnotes":""},"class_list":["post-2852","page","type-page","status-publish","hentry"],"_links":{"self":[{"href":"https:\/\/the-plan.earth\/pt-pt\/wp-json\/wp\/v2\/pages\/2852","targetHints":{"allow":["GET"]}}],"collection":[{"href":"https:\/\/the-plan.earth\/pt-pt\/wp-json\/wp\/v2\/pages"}],"about":[{"href":"https:\/\/the-plan.earth\/pt-pt\/wp-json\/wp\/v2\/types\/page"}],"author":[{"embeddable":true,"href":"https:\/\/the-plan.earth\/pt-pt\/wp-json\/wp\/v2\/users\/1"}],"replies":[{"embeddable":true,"href":"https:\/\/the-plan.earth\/pt-pt\/wp-json\/wp\/v2\/comments?post=2852"}],"version-history":[{"count":2,"href":"https:\/\/the-plan.earth\/pt-pt\/wp-json\/wp\/v2\/pages\/2852\/revisions"}],"predecessor-version":[{"id":2929,"href":"https:\/\/the-plan.earth\/pt-pt\/wp-json\/wp\/v2\/pages\/2852\/revisions\/2929"}],"wp:attachment":[{"href":"https:\/\/the-plan.earth\/pt-pt\/wp-json\/wp\/v2\/media?parent=2852"}],"curies":[{"name":"wp","href":"https:\/\/api.w.org\/{rel}","templated":true}]}}