{"id":3156,"date":"2021-02-22T10:30:12","date_gmt":"2021-02-22T10:30:12","guid":{"rendered":"https:\/\/the-plan.earth\/impressum\/"},"modified":"2021-02-22T10:30:12","modified_gmt":"2021-02-22T10:30:12","slug":"impressum","status":"publish","type":"page","link":"https:\/\/the-plan.earth\/it\/impressum\/","title":{"rendered":"Impressum"},"content":{"rendered":"<p>[et_pb_section fb_built=&#8221;1&#8243; module_id=&#8221;header&#8221; _builder_version=&#8221;4.0.9&#8243; background_image=&#8221;https:\/\/the-plan.earth\/wp-content\/uploads\/2019\/12\/background-top.jpg&#8221; width=&#8221;100%&#8221; height=&#8221;90px&#8221; max_height=&#8221;90px&#8221; custom_margin=&#8221;0px|0px|0px|0px|false|false&#8221; custom_padding=&#8221;0px|0px|0px|0px|false|false&#8221; border_style_all=&#8221;none&#8221; locked=&#8221;off&#8221; collapsed=&#8221;off&#8221;][et_pb_row column_structure=&#8221;1_3,1_3,1_3&#8243; make_equal=&#8221;on&#8221; admin_label=&#8221;Row&#8221; module_id=&#8221;header-row&#8221; _builder_version=&#8221;4.2.2&#8243; background_enable_image=&#8221;off&#8221; width=&#8221;100%&#8221; max_width=&#8221;100%&#8221; module_alignment=&#8221;center&#8221; custom_margin=&#8221;30px|0px|0px|0px|false|false&#8221; custom_padding=&#8221;0px|50px|0px|50px|false|false&#8221; global_module=&#8221;1404&#8243; saved_tabs=&#8221;all&#8221;][et_pb_column type=&#8221;1_3&#8243; _builder_version=&#8221;4.2.2&#8243;][et_pb_image src=&#8221;https:\/\/the-plan.earth\/wp-content\/uploads\/2020\/01\/the-plan-logo.png&#8221; src_tablet=&#8221;https:\/\/the-plan.earth\/wp-content\/uploads\/2020\/01\/the-plan-logo.png&#8221; src_phone=&#8221;https:\/\/the-plan.earth\/wp-content\/uploads\/2020\/01\/the-plan-logo-2.png&#8221; src_last_edited=&#8221;on|desktop&#8221; module_id=&#8221;logo&#8221; module_class=&#8221;no-wrap_row-column&#8221; _builder_version=&#8221;4.2.2&#8243; width=&#8221;147px&#8221; width_tablet=&#8221;147px&#8221; width_phone=&#8221;72px&#8221; width_last_edited=&#8221;on|desktop&#8221; max_width=&#8221;147px&#8221; max_width_tablet=&#8221;147px&#8221; max_width_phone=&#8221;72px&#8221; max_width_last_edited=&#8221;on|phone&#8221; module_alignment=&#8221;left&#8221; min_height=&#8221;40px&#8221; min_height_tablet=&#8221;40px&#8221; min_height_phone=&#8221;14px&#8221; min_height_last_edited=&#8221;on|desktop&#8221; height=&#8221;40px&#8221; height_tablet=&#8221;40px&#8221; height_phone=&#8221;14px&#8221; height_last_edited=&#8221;on|phone&#8221; max_height=&#8221;40px&#8221; max_height_tablet=&#8221;40px&#8221; max_height_phone=&#8221;14px&#8221; max_height_last_edited=&#8221;on|phone&#8221;][\/et_pb_image][\/et_pb_column][et_pb_column type=&#8221;1_3&#8243; _builder_version=&#8221;4.2.2&#8243; custom_css_main_element=&#8221;z-index:100;&#8221;][et_pb_image src=&#8221;https:\/\/the-plan.earth\/wp-content\/uploads\/2019\/12\/menu.png&#8221; align=&#8221;center&#8221; module_id=&#8221;main-menu-icon&#8221; module_class=&#8221;no-wrap_row-column half-size-image&#8221; _builder_version=&#8221;4.2.2&#8243; module_alignment=&#8221;center&#8221; custom_margin=&#8221;||||false|false&#8221;][\/et_pb_image][et_pb_text module_id=&#8221;main-menu-module&#8221; module_class=&#8221;main-menu-module&#8221; _builder_version=&#8221;4.2.2&#8243; z_index=&#8221;500&#8243; text_orientation=&#8221;center&#8221;]<a href=\"\/#the-plan\">Der Plan<\/a>\n<a href=\"\/#the-vision\">Die Vision<\/a>\n<a href=\"\/#the-theory\">Die Theorie<\/a>\n<a href=\"\/#the-soul\">Die Seele<\/a>\n<a href=\"\/#the-way\">Der Weg<\/a>\n<a href=\"\/#the-originators\">Die Urheber<\/a>\n<a href=\"\/#the-book\">Das Buch<\/a>\n[\/et_pb_text][\/et_pb_column][et_pb_column type=&#8221;1_3&#8243; _builder_version=&#8221;4.0.9&#8243; custom_padding=&#8221;||||false|false&#8221;][et_pb_text module_id=&#8221;language-selector&#8221; module_class=&#8221;no-wrap_row-column&#8221; _builder_version=&#8221;4.2.1&#8243; module_alignment=&#8221;right&#8221; custom_margin=&#8221;||||false|false&#8221;]\n<div class=\"wpml-ls-statics-shortcode_actions wpml-ls wpml-ls-legacy-list-horizontal\">\n\t<ul><li class=\"wpml-ls-slot-shortcode_actions wpml-ls-item wpml-ls-item-de wpml-ls-first-item wpml-ls-item-legacy-list-horizontal\">\n\t\t\t\t<a href=\"https:\/\/the-plan.earth\/\" class=\"wpml-ls-link\">\n                    <span class=\"wpml-ls-native\" lang=\"de\">DE<\/span><\/a>\n\t\t\t<\/li><li class=\"wpml-ls-slot-shortcode_actions wpml-ls-item wpml-ls-item-en wpml-ls-item-legacy-list-horizontal\">\n\t\t\t\t<a href=\"https:\/\/the-plan.earth\/en\/\" class=\"wpml-ls-link\">\n                    <span class=\"wpml-ls-native\" lang=\"en\">EN<\/span><\/a>\n\t\t\t<\/li><li class=\"wpml-ls-slot-shortcode_actions wpml-ls-item wpml-ls-item-pt-pt wpml-ls-item-legacy-list-horizontal\">\n\t\t\t\t<a href=\"https:\/\/the-plan.earth\/pt-pt\/\" class=\"wpml-ls-link\">\n                    <span class=\"wpml-ls-native\" lang=\"pt-pt\">PT<\/span><\/a>\n\t\t\t<\/li><li class=\"wpml-ls-slot-shortcode_actions wpml-ls-item wpml-ls-item-es wpml-ls-item-legacy-list-horizontal\">\n\t\t\t\t<a href=\"https:\/\/the-plan.earth\/es\/\" class=\"wpml-ls-link\">\n                    <span class=\"wpml-ls-native\" lang=\"es\">ES<\/span><\/a>\n\t\t\t<\/li><li class=\"wpml-ls-slot-shortcode_actions wpml-ls-item wpml-ls-item-ru wpml-ls-item-legacy-list-horizontal\">\n\t\t\t\t<a href=\"https:\/\/the-plan.earth\/ru\/\" class=\"wpml-ls-link\">\n                    <span class=\"wpml-ls-native\" lang=\"ru\">RU<\/span><\/a>\n\t\t\t<\/li><li class=\"wpml-ls-slot-shortcode_actions wpml-ls-item wpml-ls-item-nl wpml-ls-item-legacy-list-horizontal\">\n\t\t\t\t<a href=\"https:\/\/the-plan.earth\/nl\/\" class=\"wpml-ls-link\">\n                    <span class=\"wpml-ls-native\" lang=\"nl\">NL<\/span><\/a>\n\t\t\t<\/li><li class=\"wpml-ls-slot-shortcode_actions wpml-ls-item wpml-ls-item-fr wpml-ls-item-legacy-list-horizontal\">\n\t\t\t\t<a href=\"https:\/\/the-plan.earth\/fr\/\" class=\"wpml-ls-link\">\n                    <span class=\"wpml-ls-native\" lang=\"fr\">FR<\/span><\/a>\n\t\t\t<\/li><li class=\"wpml-ls-slot-shortcode_actions wpml-ls-item wpml-ls-item-it wpml-ls-current-language wpml-ls-last-item wpml-ls-item-legacy-list-horizontal\">\n\t\t\t\t<a href=\"https:\/\/the-plan.earth\/it\/\" class=\"wpml-ls-link\">\n                    <span class=\"wpml-ls-native\">IT<\/span><\/a>\n\t\t\t<\/li><\/ul>\n<\/div>\n[\/et_pb_text][\/et_pb_column][\/et_pb_row][\/et_pb_section][et_pb_section fb_built=&#8221;1&#8243; _builder_version=&#8221;4.0.9&#8243;][et_pb_row _builder_version=&#8221;4.0.9&#8243;][et_pb_column type=&#8221;4_4&#8243; _builder_version=&#8221;4.0.9&#8243;][et_pb_text _builder_version=&#8221;4.4.5&#8243; hover_enabled=&#8221;0&#8243;]<\/p>\n<h3>Impressum u. Disclaimer<\/h3>\n<p>Diese Webseite wurde erstellt von:<\/p>\n<p>Verlag MEIGA GbR<br \/>\nInh: Monika Berghoff und Saskia Breithardt<br \/>\nWaldsiedlung 15<br \/>\nD-14806 Bad Belzig<br \/>\nDeutschland<br \/>\nTel: +49 (0)33841-30538<br \/>\nFax:&nbsp;+49 (0)33841-38550<br \/>\nEmail: info (at) verlag-meiga.org<br \/>\nV.i.S.d.P: Monika Berghoff<\/p>\n<p>Unsere Datenschutzerkl\u00e4rung finden Sie<a href=\"https:\/\/the-plan.earth\/datenschutzerklarung\/\" target=\"_blank\" rel=\"noopener noreferrer\"> hier.<\/a><\/p>\n<p><strong><b class=\"\">Bildnachweis:<br \/>\n<\/b><\/strong>ESO\/VISTA\/J. Emerson<br \/>\niStockphoto<br \/>\nAdobe Stock<br \/>\nTAMERA<\/p>\n<p><strong>Urheberrechte:&nbsp;<\/strong>Dies ist die&nbsp;Webseite des Verlag MEIGA GbR, vertreten durch die Gesch\u00e4ftsf\u00fchrerinnen, Gerichtsstand ist Bad Belzig, Deutschland.<\/p>\n<p><strong>Layout:<\/strong>&nbsp;Das Layout, Design und die grafischen Elemente sind urheberrechtlich Eigentum des Verlags MEIGA GbR und d\u00fcrfen, auch in Teilen, durch Dritte nur dann verwendet werden, wenn eine entsprechende Genehmigung vorliegt. Das gleiche gilt f\u00fcr alle Motive und Texte auf den abgebildeten Produktfotos; auch sie sind urheberrechtlich gesch\u00fctzt und Eigentum des Verlag MEIGA GbR oder in Lizensierung im Vertrieb des Verlag MEIGA GbR. Dritte bed\u00fcrfen einer vorherigen Genehmigung, um sie, auch in Teilen, zu verwenden.<\/p>\n<p class=\"css_moussa\"><strong>Haftungsausschluss: <\/strong>Von etwaigen illegalen, pers\u00f6nlichkeitsverletzenden, moralisch oder ethisch anst\u00f6\u00dfigen Inhalten auf Seiten, die direkt oder indirekt \u00fcber unsere externen Links erreichbar sind, distanzieren wir uns in aller Deutlichkeit.<br \/>\n<strong><br \/>\n<\/strong><strong>Rechtliche Hinweise: <\/strong>Der Verlag MEIGA pr\u00fcft und aktualisiert die Informationen auf ihren Webseiten st\u00e4ndig. Trotz aller Sorgfalt k\u00f6nnen sich die Daten inzwischen ver\u00e4ndert haben. Eine Haftung oder Garantie f\u00fcr die Aktualit\u00e4t, Richtigkeit und Vollst\u00e4ndigkeit der zur Verf\u00fcgung gestellten Informationen kann daher nicht \u00fcbernommen werden. Gleiches gilt auch f\u00fcr alle anderen Webseiten, auf die mittels Hyperlink verwiesen wird. Der Verlag MEIGA ist f\u00fcr den Inhalt der Webseiten, die aufgrund einer solchen Verbindung erreicht werden, nicht verantwortlich.<br \/>\nDes Weiteren beh\u00e4lt sich Verlag MEIGA das Recht vor, \u00c4nderungen oder Erg\u00e4nzungen der bereitgestellten Informationen vorzunehmen.<\/p>\n<p><strong><img decoding=\"async\" src=\"https:\/\/de.verlag-meiga.org\/wp-content\/uploads\/2018\/07\/CC-Lizenz.png\"><\/strong><\/p>\n<p>Dieses Werk bzw. Inhalt von&nbsp;Verlag Meiga unter einer&nbsp;<a href=\"http:\/\/creativecommons.org\/licenses\/by-nc-nd\/3.0\/de\/\" rel=\"license\">Creative Commons Namensnennung-Keine kommerzielle Nutzung-Keine Bearbeitung 3.0 Deutschland Lizenz<\/a>.<\/p>\n<p>[\/et_pb_text][\/et_pb_column][\/et_pb_row][\/et_pb_section][et_pb_section fb_built=&#8221;1&#8243; module_id=&#8221;footer&#8221; _builder_version=&#8221;4.2.2&#8243; background_color=&#8221;#092d4f&#8221; width=&#8221;100%&#8221; max_width=&#8221;100%&#8221; custom_margin=&#8221;40px|0px|0px|0px|false|true&#8221; custom_padding=&#8221;36px|0px|40px|0px|false|false&#8221; border_width_all=&#8221;1px&#8221; border_color_all=&#8221;rgba(0,0,0,0)&#8221; global_module=&#8221;1392&#8243; saved_tabs=&#8221;all&#8221; collapsed=&#8221;off&#8221;][et_pb_row column_structure=&#8221;1_3,1_3,1_3&#8243; module_class=&#8221;footer-row&#8221; _builder_version=&#8221;4.0.9&#8243; width=&#8221;100%&#8221; module_alignment=&#8221;center&#8221;][et_pb_column type=&#8221;1_3&#8243; _builder_version=&#8221;4.0.9&#8243;][et_pb_text _builder_version=&#8221;4.2.1&#8243;]<\/p>\n<p><a href=\"mailto:info@the-plan.earth\">Kontakt<\/a><\/p>\n<p>[\/et_pb_text][\/et_pb_column][et_pb_column type=&#8221;1_3&#8243; _builder_version=&#8221;4.0.9&#8243;][et_pb_text _builder_version=&#8221;4.2.1&#8243;]<\/p>\n<p><a href=\"https:\/\/the-plan.earth\/it\/impressum\/\">Impressum<\/a><\/p>\n<p>[\/et_pb_text][\/et_pb_column][et_pb_column type=&#8221;1_3&#8243; _builder_version=&#8221;4.0.9&#8243;][et_pb_text _builder_version=&#8221;4.2.1&#8243;]<\/p>\n<p><a href=\"https:\/\/the-plan.earth\/datenschutzerklarung\/\">Datenschutz<\/a><\/p>\n<p>[\/et_pb_text][\/et_pb_column][\/et_pb_row][et_pb_row module_class=&#8221;footer-row&#8221; _builder_version=&#8221;4.0.9&#8243; width=&#8221;100%&#8221; max_width=&#8221;100%&#8221; module_alignment=&#8221;center&#8221;][et_pb_column type=&#8221;4_4&#8243; _builder_version=&#8221;4.0.9&#8243;][et_pb_text _builder_version=&#8221;4.2.1&#8243; text_orientation=&#8221;center&#8221;]<\/p>\n<p>\u00a9 2020 Verlag Meiga<\/p>\n<p>[\/et_pb_text][\/et_pb_column][\/et_pb_row][\/et_pb_section]<\/p>\n","protected":false},"excerpt":{"rendered":"<p><a href=\"\/#the-plan\">Der Plan<\/a>\n<a href=\"\/#the-vision\">Die Vision<\/a>\n<a href=\"\/#the-theory\">Die Theorie<\/a>\n<a href=\"\/#the-soul\">Die Seele<\/a>\n<a href=\"\/#the-way\">Der Weg<\/a>\n<a href=\"\/#the-originators\">Die Urheber<\/a>\n<a href=\"\/#the-book\">Das Buch<\/a>\n\n<div class=\"wpml-ls-statics-shortcode_actions wpml-ls wpml-ls-legacy-list-horizontal\">\n\t<ul><li class=\"wpml-ls-slot-shortcode_actions wpml-ls-item wpml-ls-item-de wpml-ls-first-item wpml-ls-item-legacy-list-horizontal\">\n\t\t\t\t<a href=\"https:\/\/the-plan.earth\/\" class=\"wpml-ls-link\">\n                    <span class=\"wpml-ls-native\" lang=\"de\">DE<\/span><\/a>\n\t\t\t<\/li><li class=\"wpml-ls-slot-shortcode_actions wpml-ls-item wpml-ls-item-en wpml-ls-item-legacy-list-horizontal\">\n\t\t\t\t<a href=\"https:\/\/the-plan.earth\/en\/\" class=\"wpml-ls-link\">\n                    <span class=\"wpml-ls-native\" lang=\"en\">EN<\/span><\/a>\n\t\t\t<\/li><li class=\"wpml-ls-slot-shortcode_actions wpml-ls-item wpml-ls-item-pt-pt wpml-ls-item-legacy-list-horizontal\">\n\t\t\t\t<a href=\"https:\/\/the-plan.earth\/pt-pt\/\" class=\"wpml-ls-link\">\n                    <span class=\"wpml-ls-native\" lang=\"pt-pt\">PT<\/span><\/a>\n\t\t\t<\/li><li class=\"wpml-ls-slot-shortcode_actions wpml-ls-item wpml-ls-item-es wpml-ls-item-legacy-list-horizontal\">\n\t\t\t\t<a href=\"https:\/\/the-plan.earth\/es\/\" class=\"wpml-ls-link\">\n                    <span class=\"wpml-ls-native\" lang=\"es\">ES<\/span><\/a>\n\t\t\t<\/li><li class=\"wpml-ls-slot-shortcode_actions wpml-ls-item wpml-ls-item-ru wpml-ls-item-legacy-list-horizontal\">\n\t\t\t\t<a href=\"https:\/\/the-plan.earth\/ru\/\" class=\"wpml-ls-link\">\n                    <span class=\"wpml-ls-native\" lang=\"ru\">RU<\/span><\/a>\n\t\t\t<\/li><li class=\"wpml-ls-slot-shortcode_actions wpml-ls-item wpml-ls-item-nl wpml-ls-item-legacy-list-horizontal\">\n\t\t\t\t<a href=\"https:\/\/the-plan.earth\/nl\/\" class=\"wpml-ls-link\">\n                    <span class=\"wpml-ls-native\" lang=\"nl\">NL<\/span><\/a>\n\t\t\t<\/li><li class=\"wpml-ls-slot-shortcode_actions wpml-ls-item wpml-ls-item-fr wpml-ls-item-legacy-list-horizontal\">\n\t\t\t\t<a href=\"https:\/\/the-plan.earth\/fr\/\" class=\"wpml-ls-link\">\n                    <span class=\"wpml-ls-native\" lang=\"fr\">FR<\/span><\/a>\n\t\t\t<\/li><li class=\"wpml-ls-slot-shortcode_actions wpml-ls-item wpml-ls-item-it wpml-ls-current-language wpml-ls-last-item wpml-ls-item-legacy-list-horizontal\">\n\t\t\t\t<a href=\"https:\/\/the-plan.earth\/it\/\" class=\"wpml-ls-link\">\n                    <span class=\"wpml-ls-native\">IT<\/span><\/a>\n\t\t\t<\/li><\/ul>\n<\/div>\n Impressum u. Disclaimer Diese Webseite wurde erstellt von: Verlag MEIGA GbR Inh: Monika Berghoff und Saskia Breithardt Waldsiedlung 15 D-14806 Bad Belzig Deutschland Tel: +49 (0)33841-30538 Fax:&nbsp;+49 (0)33841-38550 Email: info (at) verlag-meiga.org V.i.S.d.P: Monika Berghoff Unsere Datenschutzerkl\u00e4rung finden Sie hier. Bildnachweis: ESO\/VISTA\/J. Emerson iStockphoto Adobe Stock TAMERA Urheberrechte:&nbsp;Dies ist die&nbsp;Webseite des [&hellip;]<\/p>\n","protected":false},"author":1,"featured_media":0,"parent":0,"menu_order":0,"comment_status":"closed","ping_status":"closed","template":"page-template-blank.php","meta":{"_et_pb_use_builder":"on","_et_pb_old_content":"","_et_gb_content_width":"","footnotes":""},"class_list":["post-3156","page","type-page","status-publish","hentry"],"_links":{"self":[{"href":"https:\/\/the-plan.earth\/it\/wp-json\/wp\/v2\/pages\/3156","targetHints":{"allow":["GET"]}}],"collection":[{"href":"https:\/\/the-plan.earth\/it\/wp-json\/wp\/v2\/pages"}],"about":[{"href":"https:\/\/the-plan.earth\/it\/wp-json\/wp\/v2\/types\/page"}],"author":[{"embeddable":true,"href":"https:\/\/the-plan.earth\/it\/wp-json\/wp\/v2\/users\/1"}],"replies":[{"embeddable":true,"href":"https:\/\/the-plan.earth\/it\/wp-json\/wp\/v2\/comments?post=3156"}],"version-history":[{"count":2,"href":"https:\/\/the-plan.earth\/it\/wp-json\/wp\/v2\/pages\/3156\/revisions"}],"predecessor-version":[{"id":3158,"href":"https:\/\/the-plan.earth\/it\/wp-json\/wp\/v2\/pages\/3156\/revisions\/3158"}],"wp:attachment":[{"href":"https:\/\/the-plan.earth\/it\/wp-json\/wp\/v2\/media?parent=3156"}],"curies":[{"name":"wp","href":"https:\/\/api.w.org\/{rel}","templated":true}]}}