{"id":3153,"date":"2021-02-22T10:29:38","date_gmt":"2021-02-22T10:29:38","guid":{"rendered":"https:\/\/the-plan.earth\/impressum\/"},"modified":"2021-02-22T10:29:38","modified_gmt":"2021-02-22T10:29:38","slug":"impressum","status":"publish","type":"page","link":"https:\/\/the-plan.earth\/fr\/impressum\/","title":{"rendered":"Impressum"},"content":{"rendered":"<p>[et_pb_section fb_built=\u00a0\u00bb1&Prime; module_id=\u00a0\u00bbheader\u00a0\u00bb _builder_version=\u00a0\u00bb4.0.9&Prime; background_image=\u00a0\u00bbhttps:\/\/the-plan.earth\/wp-content\/uploads\/2019\/12\/background-top.jpg\u00a0\u00bb width=\u00a0\u00bb100%\u00a0\u00bb height=\u00a0\u00bb90px\u00a0\u00bb max_height=\u00a0\u00bb90px\u00a0\u00bb custom_margin=\u00a0\u00bb0px|0px|0px|0px|false|false\u00a0\u00bb custom_padding=\u00a0\u00bb0px|0px|0px|0px|false|false\u00a0\u00bb border_style_all=\u00a0\u00bbnone\u00a0\u00bb locked=\u00a0\u00bboff\u00a0\u00bb collapsed=\u00a0\u00bboff\u00a0\u00bb][et_pb_row column_structure=\u00a0\u00bb1_3,1_3,1_3&Prime; make_equal=\u00a0\u00bbon\u00a0\u00bb admin_label=\u00a0\u00bbRow\u00a0\u00bb module_id=\u00a0\u00bbheader-row\u00a0\u00bb _builder_version=\u00a0\u00bb4.2.2&Prime; background_enable_image=\u00a0\u00bboff\u00a0\u00bb width=\u00a0\u00bb100%\u00a0\u00bb max_width=\u00a0\u00bb100%\u00a0\u00bb module_alignment=\u00a0\u00bbcenter\u00a0\u00bb custom_margin=\u00a0\u00bb30px|0px|0px|0px|false|false\u00a0\u00bb custom_padding=\u00a0\u00bb0px|50px|0px|50px|false|false\u00a0\u00bb global_module=\u00a0\u00bb1404&Prime; saved_tabs=\u00a0\u00bball\u00a0\u00bb][et_pb_column type=\u00a0\u00bb1_3&Prime; _builder_version=\u00a0\u00bb4.2.2&Prime;][et_pb_image src=\u00a0\u00bbhttps:\/\/the-plan.earth\/wp-content\/uploads\/2020\/01\/the-plan-logo.png\u00a0\u00bb src_tablet=\u00a0\u00bbhttps:\/\/the-plan.earth\/wp-content\/uploads\/2020\/01\/the-plan-logo.png\u00a0\u00bb src_phone=\u00a0\u00bbhttps:\/\/the-plan.earth\/wp-content\/uploads\/2020\/01\/the-plan-logo-2.png\u00a0\u00bb src_last_edited=\u00a0\u00bbon|desktop\u00a0\u00bb module_id=\u00a0\u00bblogo\u00a0\u00bb module_class=\u00a0\u00bbno-wrap_row-column\u00a0\u00bb _builder_version=\u00a0\u00bb4.2.2&Prime; width=\u00a0\u00bb147px\u00a0\u00bb width_tablet=\u00a0\u00bb147px\u00a0\u00bb width_phone=\u00a0\u00bb72px\u00a0\u00bb width_last_edited=\u00a0\u00bbon|desktop\u00a0\u00bb max_width=\u00a0\u00bb147px\u00a0\u00bb max_width_tablet=\u00a0\u00bb147px\u00a0\u00bb max_width_phone=\u00a0\u00bb72px\u00a0\u00bb max_width_last_edited=\u00a0\u00bbon|phone\u00a0\u00bb module_alignment=\u00a0\u00bbleft\u00a0\u00bb min_height=\u00a0\u00bb40px\u00a0\u00bb min_height_tablet=\u00a0\u00bb40px\u00a0\u00bb min_height_phone=\u00a0\u00bb14px\u00a0\u00bb min_height_last_edited=\u00a0\u00bbon|desktop\u00a0\u00bb height=\u00a0\u00bb40px\u00a0\u00bb height_tablet=\u00a0\u00bb40px\u00a0\u00bb height_phone=\u00a0\u00bb14px\u00a0\u00bb height_last_edited=\u00a0\u00bbon|phone\u00a0\u00bb max_height=\u00a0\u00bb40px\u00a0\u00bb max_height_tablet=\u00a0\u00bb40px\u00a0\u00bb max_height_phone=\u00a0\u00bb14px\u00a0\u00bb max_height_last_edited=\u00a0\u00bbon|phone\u00a0\u00bb][\/et_pb_image][\/et_pb_column][et_pb_column type=\u00a0\u00bb1_3&Prime; _builder_version=\u00a0\u00bb4.2.2&Prime; custom_css_main_element=\u00a0\u00bbz-index:100;\u00a0\u00bb][et_pb_image src=\u00a0\u00bbhttps:\/\/the-plan.earth\/wp-content\/uploads\/2019\/12\/menu.png\u00a0\u00bb align=\u00a0\u00bbcenter\u00a0\u00bb module_id=\u00a0\u00bbmain-menu-icon\u00a0\u00bb module_class=\u00a0\u00bbno-wrap_row-column half-size-image\u00a0\u00bb _builder_version=\u00a0\u00bb4.2.2&Prime; module_alignment=\u00a0\u00bbcenter\u00a0\u00bb custom_margin=\u00a0\u00bb||||false|false\u00a0\u00bb][\/et_pb_image][et_pb_text module_id=\u00a0\u00bbmain-menu-module\u00a0\u00bb module_class=\u00a0\u00bbmain-menu-module\u00a0\u00bb _builder_version=\u00a0\u00bb4.2.2&Prime; z_index=\u00a0\u00bb500&Prime; text_orientation=\u00a0\u00bbcenter\u00a0\u00bb]<a href=\"\/#the-plan\">Der Plan<\/a>\n<a href=\"\/#the-vision\">Die Vision<\/a>\n<a href=\"\/#the-theory\">Die Theorie<\/a>\n<a href=\"\/#the-soul\">Die Seele<\/a>\n<a href=\"\/#the-way\">Der Weg<\/a>\n<a href=\"\/#the-originators\">Die Urheber<\/a>\n<a href=\"\/#the-book\">Das Buch<\/a>\n[\/et_pb_text][\/et_pb_column][et_pb_column type=\u00a0\u00bb1_3&Prime; _builder_version=\u00a0\u00bb4.0.9&Prime; custom_padding=\u00a0\u00bb||||false|false\u00a0\u00bb][et_pb_text module_id=\u00a0\u00bblanguage-selector\u00a0\u00bb module_class=\u00a0\u00bbno-wrap_row-column\u00a0\u00bb _builder_version=\u00a0\u00bb4.2.1&Prime; module_alignment=\u00a0\u00bbright\u00a0\u00bb custom_margin=\u00a0\u00bb||||false|false\u00a0\u00bb]\n<div class=\"wpml-ls-statics-shortcode_actions wpml-ls wpml-ls-legacy-list-horizontal\">\n\t<ul><li class=\"wpml-ls-slot-shortcode_actions wpml-ls-item wpml-ls-item-de wpml-ls-first-item wpml-ls-item-legacy-list-horizontal\">\n\t\t\t\t<a href=\"https:\/\/the-plan.earth\/\" class=\"wpml-ls-link\">\n                    <span class=\"wpml-ls-native\" lang=\"de\">DE<\/span><\/a>\n\t\t\t<\/li><li class=\"wpml-ls-slot-shortcode_actions wpml-ls-item wpml-ls-item-en wpml-ls-item-legacy-list-horizontal\">\n\t\t\t\t<a href=\"https:\/\/the-plan.earth\/en\/\" class=\"wpml-ls-link\">\n                    <span class=\"wpml-ls-native\" lang=\"en\">EN<\/span><\/a>\n\t\t\t<\/li><li class=\"wpml-ls-slot-shortcode_actions wpml-ls-item wpml-ls-item-pt-pt wpml-ls-item-legacy-list-horizontal\">\n\t\t\t\t<a href=\"https:\/\/the-plan.earth\/pt-pt\/\" class=\"wpml-ls-link\">\n                    <span class=\"wpml-ls-native\" lang=\"pt-pt\">PT<\/span><\/a>\n\t\t\t<\/li><li class=\"wpml-ls-slot-shortcode_actions wpml-ls-item wpml-ls-item-es wpml-ls-item-legacy-list-horizontal\">\n\t\t\t\t<a href=\"https:\/\/the-plan.earth\/es\/\" class=\"wpml-ls-link\">\n                    <span class=\"wpml-ls-native\" lang=\"es\">ES<\/span><\/a>\n\t\t\t<\/li><li class=\"wpml-ls-slot-shortcode_actions wpml-ls-item wpml-ls-item-ru wpml-ls-item-legacy-list-horizontal\">\n\t\t\t\t<a href=\"https:\/\/the-plan.earth\/ru\/\" class=\"wpml-ls-link\">\n                    <span class=\"wpml-ls-native\" lang=\"ru\">RU<\/span><\/a>\n\t\t\t<\/li><li class=\"wpml-ls-slot-shortcode_actions wpml-ls-item wpml-ls-item-nl wpml-ls-item-legacy-list-horizontal\">\n\t\t\t\t<a href=\"https:\/\/the-plan.earth\/nl\/\" class=\"wpml-ls-link\">\n                    <span class=\"wpml-ls-native\" lang=\"nl\">NL<\/span><\/a>\n\t\t\t<\/li><li class=\"wpml-ls-slot-shortcode_actions wpml-ls-item wpml-ls-item-fr wpml-ls-current-language wpml-ls-item-legacy-list-horizontal\">\n\t\t\t\t<a href=\"https:\/\/the-plan.earth\/fr\/\" class=\"wpml-ls-link\">\n                    <span class=\"wpml-ls-native\">FR<\/span><\/a>\n\t\t\t<\/li><li class=\"wpml-ls-slot-shortcode_actions wpml-ls-item wpml-ls-item-it wpml-ls-last-item wpml-ls-item-legacy-list-horizontal\">\n\t\t\t\t<a href=\"https:\/\/the-plan.earth\/it\/\" class=\"wpml-ls-link\">\n                    <span class=\"wpml-ls-native\" lang=\"it\">IT<\/span><\/a>\n\t\t\t<\/li><\/ul>\n<\/div>\n[\/et_pb_text][\/et_pb_column][\/et_pb_row][\/et_pb_section][et_pb_section fb_built=\u00a0\u00bb1&Prime; _builder_version=\u00a0\u00bb4.0.9&Prime;][et_pb_row _builder_version=\u00a0\u00bb4.0.9&Prime;][et_pb_column type=\u00a0\u00bb4_4&Prime; _builder_version=\u00a0\u00bb4.0.9&Prime;][et_pb_text _builder_version=\u00a0\u00bb4.4.5&Prime; hover_enabled=\u00a0\u00bb0&Prime;]<\/p>\n<h3>Impressum u. Disclaimer<\/h3>\n<p>Diese Webseite wurde erstellt von:<\/p>\n<p>Verlag MEIGA GbR<br \/>\nInh: Monika Berghoff und Saskia Breithardt<br \/>\nWaldsiedlung 15<br \/>\nD-14806 Bad Belzig<br \/>\nDeutschland<br \/>\nTel: +49 (0)33841-30538<br \/>\nFax:&nbsp;+49 (0)33841-38550<br \/>\nEmail: info (at) verlag-meiga.org<br \/>\nV.i.S.d.P: Monika Berghoff<\/p>\n<p>Unsere Datenschutzerkl\u00e4rung finden Sie<a href=\"https:\/\/the-plan.earth\/datenschutzerklarung\/\" target=\"_blank\" rel=\"noopener noreferrer\"> hier.<\/a><\/p>\n<p><strong><b class=\"\">Bildnachweis:<br \/>\n<\/b><\/strong>ESO\/VISTA\/J. Emerson<br \/>\niStockphoto<br \/>\nAdobe Stock<br \/>\nTAMERA<\/p>\n<p><strong>Urheberrechte:&nbsp;<\/strong>Dies ist die&nbsp;Webseite des Verlag MEIGA GbR, vertreten durch die Gesch\u00e4ftsf\u00fchrerinnen, Gerichtsstand ist Bad Belzig, Deutschland.<\/p>\n<p><strong>Layout:<\/strong>&nbsp;Das Layout, Design und die grafischen Elemente sind urheberrechtlich Eigentum des Verlags MEIGA GbR und d\u00fcrfen, auch in Teilen, durch Dritte nur dann verwendet werden, wenn eine entsprechende Genehmigung vorliegt. Das gleiche gilt f\u00fcr alle Motive und Texte auf den abgebildeten Produktfotos; auch sie sind urheberrechtlich gesch\u00fctzt und Eigentum des Verlag MEIGA GbR oder in Lizensierung im Vertrieb des Verlag MEIGA GbR. Dritte bed\u00fcrfen einer vorherigen Genehmigung, um sie, auch in Teilen, zu verwenden.<\/p>\n<p class=\"css_moussa\"><strong>Haftungsausschluss: <\/strong>Von etwaigen illegalen, pers\u00f6nlichkeitsverletzenden, moralisch oder ethisch anst\u00f6\u00dfigen Inhalten auf Seiten, die direkt oder indirekt \u00fcber unsere externen Links erreichbar sind, distanzieren wir uns in aller Deutlichkeit.<br \/>\n<strong><br \/>\n<\/strong><strong>Rechtliche Hinweise: <\/strong>Der Verlag MEIGA pr\u00fcft und aktualisiert die Informationen auf ihren Webseiten st\u00e4ndig. Trotz aller Sorgfalt k\u00f6nnen sich die Daten inzwischen ver\u00e4ndert haben. Eine Haftung oder Garantie f\u00fcr die Aktualit\u00e4t, Richtigkeit und Vollst\u00e4ndigkeit der zur Verf\u00fcgung gestellten Informationen kann daher nicht \u00fcbernommen werden. Gleiches gilt auch f\u00fcr alle anderen Webseiten, auf die mittels Hyperlink verwiesen wird. Der Verlag MEIGA ist f\u00fcr den Inhalt der Webseiten, die aufgrund einer solchen Verbindung erreicht werden, nicht verantwortlich.<br \/>\nDes Weiteren beh\u00e4lt sich Verlag MEIGA das Recht vor, \u00c4nderungen oder Erg\u00e4nzungen der bereitgestellten Informationen vorzunehmen.<\/p>\n<p><strong><img decoding=\"async\" src=\"https:\/\/de.verlag-meiga.org\/wp-content\/uploads\/2018\/07\/CC-Lizenz.png\"><\/strong><\/p>\n<p>Dieses Werk bzw. Inhalt von&nbsp;Verlag Meiga unter einer&nbsp;<a href=\"http:\/\/creativecommons.org\/licenses\/by-nc-nd\/3.0\/de\/\" rel=\"license\">Creative Commons Namensnennung-Keine kommerzielle Nutzung-Keine Bearbeitung 3.0 Deutschland Lizenz<\/a>.<\/p>\n<p>[\/et_pb_text][\/et_pb_column][\/et_pb_row][\/et_pb_section][et_pb_section fb_built=\u00a0\u00bb1&Prime; module_id=\u00a0\u00bbfooter\u00a0\u00bb _builder_version=\u00a0\u00bb4.2.2&Prime; background_color=\u00a0\u00bb#092d4f\u00a0\u00bb width=\u00a0\u00bb100%\u00a0\u00bb max_width=\u00a0\u00bb100%\u00a0\u00bb custom_margin=\u00a0\u00bb40px|0px|0px|0px|false|true\u00a0\u00bb custom_padding=\u00a0\u00bb36px|0px|40px|0px|false|false\u00a0\u00bb border_width_all=\u00a0\u00bb1px\u00a0\u00bb border_color_all=\u00a0\u00bbrgba(0,0,0,0)\u00a0\u00bb global_module=\u00a0\u00bb1392&Prime; saved_tabs=\u00a0\u00bball\u00a0\u00bb collapsed=\u00a0\u00bboff\u00a0\u00bb][et_pb_row column_structure=\u00a0\u00bb1_3,1_3,1_3&Prime; module_class=\u00a0\u00bbfooter-row\u00a0\u00bb _builder_version=\u00a0\u00bb4.0.9&Prime; width=\u00a0\u00bb100%\u00a0\u00bb module_alignment=\u00a0\u00bbcenter\u00a0\u00bb][et_pb_column type=\u00a0\u00bb1_3&Prime; _builder_version=\u00a0\u00bb4.0.9&Prime;][et_pb_text _builder_version=\u00a0\u00bb4.2.1&Prime;]<\/p>\n<p><a href=\"mailto:info@the-plan.earth\">Kontakt<\/a><\/p>\n<p>[\/et_pb_text][\/et_pb_column][et_pb_column type=\u00a0\u00bb1_3&Prime; _builder_version=\u00a0\u00bb4.0.9&Prime;][et_pb_text _builder_version=\u00a0\u00bb4.2.1&Prime;]<\/p>\n<p><a href=\"https:\/\/the-plan.earth\/fr\/impressum\/\">Impressum<\/a><\/p>\n<p>[\/et_pb_text][\/et_pb_column][et_pb_column type=\u00a0\u00bb1_3&Prime; _builder_version=\u00a0\u00bb4.0.9&Prime;][et_pb_text _builder_version=\u00a0\u00bb4.2.1&Prime;]<\/p>\n<p><a href=\"https:\/\/the-plan.earth\/datenschutzerklarung\/\">Datenschutz<\/a><\/p>\n<p>[\/et_pb_text][\/et_pb_column][\/et_pb_row][et_pb_row module_class=\u00a0\u00bbfooter-row\u00a0\u00bb _builder_version=\u00a0\u00bb4.0.9&Prime; width=\u00a0\u00bb100%\u00a0\u00bb max_width=\u00a0\u00bb100%\u00a0\u00bb module_alignment=\u00a0\u00bbcenter\u00a0\u00bb][et_pb_column type=\u00a0\u00bb4_4&Prime; _builder_version=\u00a0\u00bb4.0.9&Prime;][et_pb_text _builder_version=\u00a0\u00bb4.2.1&Prime; text_orientation=\u00a0\u00bbcenter\u00a0\u00bb]<\/p>\n<p>\u00a9 2020 Verlag Meiga<\/p>\n<p>[\/et_pb_text][\/et_pb_column][\/et_pb_row][\/et_pb_section]<\/p>\n","protected":false},"excerpt":{"rendered":"<p><a href=\"\/#the-plan\">Der Plan<\/a>\n<a href=\"\/#the-vision\">Die Vision<\/a>\n<a href=\"\/#the-theory\">Die Theorie<\/a>\n<a href=\"\/#the-soul\">Die Seele<\/a>\n<a href=\"\/#the-way\">Der Weg<\/a>\n<a href=\"\/#the-originators\">Die Urheber<\/a>\n<a href=\"\/#the-book\">Das Buch<\/a>\n\n<div class=\"wpml-ls-statics-shortcode_actions wpml-ls wpml-ls-legacy-list-horizontal\">\n\t<ul><li class=\"wpml-ls-slot-shortcode_actions wpml-ls-item wpml-ls-item-de wpml-ls-first-item wpml-ls-item-legacy-list-horizontal\">\n\t\t\t\t<a href=\"https:\/\/the-plan.earth\/\" class=\"wpml-ls-link\">\n                    <span class=\"wpml-ls-native\" lang=\"de\">DE<\/span><\/a>\n\t\t\t<\/li><li class=\"wpml-ls-slot-shortcode_actions wpml-ls-item wpml-ls-item-en wpml-ls-item-legacy-list-horizontal\">\n\t\t\t\t<a href=\"https:\/\/the-plan.earth\/en\/\" class=\"wpml-ls-link\">\n                    <span class=\"wpml-ls-native\" lang=\"en\">EN<\/span><\/a>\n\t\t\t<\/li><li class=\"wpml-ls-slot-shortcode_actions wpml-ls-item wpml-ls-item-pt-pt wpml-ls-item-legacy-list-horizontal\">\n\t\t\t\t<a href=\"https:\/\/the-plan.earth\/pt-pt\/\" class=\"wpml-ls-link\">\n                    <span class=\"wpml-ls-native\" lang=\"pt-pt\">PT<\/span><\/a>\n\t\t\t<\/li><li class=\"wpml-ls-slot-shortcode_actions wpml-ls-item wpml-ls-item-es wpml-ls-item-legacy-list-horizontal\">\n\t\t\t\t<a href=\"https:\/\/the-plan.earth\/es\/\" class=\"wpml-ls-link\">\n                    <span class=\"wpml-ls-native\" lang=\"es\">ES<\/span><\/a>\n\t\t\t<\/li><li class=\"wpml-ls-slot-shortcode_actions wpml-ls-item wpml-ls-item-ru wpml-ls-item-legacy-list-horizontal\">\n\t\t\t\t<a href=\"https:\/\/the-plan.earth\/ru\/\" class=\"wpml-ls-link\">\n                    <span class=\"wpml-ls-native\" lang=\"ru\">RU<\/span><\/a>\n\t\t\t<\/li><li class=\"wpml-ls-slot-shortcode_actions wpml-ls-item wpml-ls-item-nl wpml-ls-item-legacy-list-horizontal\">\n\t\t\t\t<a href=\"https:\/\/the-plan.earth\/nl\/\" class=\"wpml-ls-link\">\n                    <span class=\"wpml-ls-native\" lang=\"nl\">NL<\/span><\/a>\n\t\t\t<\/li><li class=\"wpml-ls-slot-shortcode_actions wpml-ls-item wpml-ls-item-fr wpml-ls-current-language wpml-ls-item-legacy-list-horizontal\">\n\t\t\t\t<a href=\"https:\/\/the-plan.earth\/fr\/\" class=\"wpml-ls-link\">\n                    <span class=\"wpml-ls-native\">FR<\/span><\/a>\n\t\t\t<\/li><li class=\"wpml-ls-slot-shortcode_actions wpml-ls-item wpml-ls-item-it wpml-ls-last-item wpml-ls-item-legacy-list-horizontal\">\n\t\t\t\t<a href=\"https:\/\/the-plan.earth\/it\/\" class=\"wpml-ls-link\">\n                    <span class=\"wpml-ls-native\" lang=\"it\">IT<\/span><\/a>\n\t\t\t<\/li><\/ul>\n<\/div>\n Impressum u. Disclaimer Diese Webseite wurde erstellt von: Verlag MEIGA GbR Inh: Monika Berghoff und Saskia Breithardt Waldsiedlung 15 D-14806 Bad Belzig Deutschland Tel: +49 (0)33841-30538 Fax:&nbsp;+49 (0)33841-38550 Email: info (at) verlag-meiga.org V.i.S.d.P: Monika Berghoff Unsere Datenschutzerkl\u00e4rung finden Sie hier. Bildnachweis: ESO\/VISTA\/J. Emerson iStockphoto Adobe Stock TAMERA Urheberrechte:&nbsp;Dies ist die&nbsp;Webseite des [&hellip;]<\/p>\n","protected":false},"author":1,"featured_media":0,"parent":0,"menu_order":0,"comment_status":"closed","ping_status":"closed","template":"page-template-blank.php","meta":{"_et_pb_use_builder":"on","_et_pb_old_content":"","_et_gb_content_width":"","footnotes":""},"class_list":["post-3153","page","type-page","status-publish","hentry"],"_links":{"self":[{"href":"https:\/\/the-plan.earth\/fr\/wp-json\/wp\/v2\/pages\/3153","targetHints":{"allow":["GET"]}}],"collection":[{"href":"https:\/\/the-plan.earth\/fr\/wp-json\/wp\/v2\/pages"}],"about":[{"href":"https:\/\/the-plan.earth\/fr\/wp-json\/wp\/v2\/types\/page"}],"author":[{"embeddable":true,"href":"https:\/\/the-plan.earth\/fr\/wp-json\/wp\/v2\/users\/1"}],"replies":[{"embeddable":true,"href":"https:\/\/the-plan.earth\/fr\/wp-json\/wp\/v2\/comments?post=3153"}],"version-history":[{"count":2,"href":"https:\/\/the-plan.earth\/fr\/wp-json\/wp\/v2\/pages\/3153\/revisions"}],"predecessor-version":[{"id":3155,"href":"https:\/\/the-plan.earth\/fr\/wp-json\/wp\/v2\/pages\/3153\/revisions\/3155"}],"wp:attachment":[{"href":"https:\/\/the-plan.earth\/fr\/wp-json\/wp\/v2\/media?parent=3153"}],"curies":[{"name":"wp","href":"https:\/\/api.w.org\/{rel}","templated":true}]}}