{"id":2918,"date":"2020-05-09T09:55:47","date_gmt":"2020-05-09T09:55:47","guid":{"rendered":"https:\/\/the-plan.earth\/pie-de-imprenta\/"},"modified":"2020-05-09T10:35:58","modified_gmt":"2020-05-09T10:35:58","slug":"pie-de-imprenta","status":"publish","type":"page","link":"https:\/\/the-plan.earth\/es\/pie-de-imprenta\/","title":{"rendered":"Pie de imprenta"},"content":{"rendered":"<p>[et_pb_section fb_built=\u00bb1&#8243; module_id=\u00bbheader\u00bb _builder_version=\u00bb4.0.9&#8243; background_image=\u00bbhttps:\/\/the-plan.earth\/wp-content\/uploads\/2019\/12\/background-top.jpg\u00bb width=\u00bb100%\u00bb height=\u00bb90px\u00bb max_height=\u00bb90px\u00bb custom_margin=\u00bb0px|0px|0px|0px|false|false\u00bb custom_padding=\u00bb0px|0px|0px|0px|false|false\u00bb border_style_all=\u00bbnone\u00bb locked=\u00bboff\u00bb collapsed=\u00bboff\u00bb][et_pb_row column_structure=\u00bb1_3,1_3,1_3&#8243; make_equal=\u00bbon\u00bb admin_label=\u00bbRow\u00bb module_id=\u00bbheader-row\u00bb _builder_version=\u00bb4.2.2&#8243; background_enable_image=\u00bboff\u00bb width=\u00bb100%\u00bb max_width=\u00bb100%\u00bb module_alignment=\u00bbcenter\u00bb custom_margin=\u00bb30px|0px|0px|0px|false|false\u00bb custom_padding=\u00bb0px|50px|0px|50px|false|false\u00bb global_module=\u00bb1404&#8243; saved_tabs=\u00bball\u00bb][et_pb_column type=\u00bb1_3&#8243; _builder_version=\u00bb4.2.2&#8243;][et_pb_image src=\u00bbhttps:\/\/the-plan.earth\/wp-content\/uploads\/2020\/01\/the-plan-logo.png\u00bb src_tablet=\u00bbhttps:\/\/the-plan.earth\/wp-content\/uploads\/2020\/01\/the-plan-logo.png\u00bb src_phone=\u00bbhttps:\/\/the-plan.earth\/wp-content\/uploads\/2020\/01\/the-plan-logo-2.png\u00bb src_last_edited=\u00bbon|desktop\u00bb module_id=\u00bblogo\u00bb module_class=\u00bbno-wrap_row-column\u00bb _builder_version=\u00bb4.2.2&#8243; width=\u00bb147px\u00bb width_tablet=\u00bb147px\u00bb width_phone=\u00bb72px\u00bb width_last_edited=\u00bbon|desktop\u00bb max_width=\u00bb147px\u00bb max_width_tablet=\u00bb147px\u00bb max_width_phone=\u00bb72px\u00bb max_width_last_edited=\u00bbon|phone\u00bb module_alignment=\u00bbleft\u00bb min_height=\u00bb40px\u00bb min_height_tablet=\u00bb40px\u00bb min_height_phone=\u00bb14px\u00bb min_height_last_edited=\u00bbon|desktop\u00bb height=\u00bb40px\u00bb height_tablet=\u00bb40px\u00bb height_phone=\u00bb14px\u00bb height_last_edited=\u00bbon|phone\u00bb max_height=\u00bb40px\u00bb max_height_tablet=\u00bb40px\u00bb max_height_phone=\u00bb14px\u00bb max_height_last_edited=\u00bbon|phone\u00bb][\/et_pb_image][\/et_pb_column][et_pb_column type=\u00bb1_3&#8243; _builder_version=\u00bb4.2.2&#8243; custom_css_main_element=\u00bbz-index:100;\u00bb][et_pb_image src=\u00bbhttps:\/\/the-plan.earth\/wp-content\/uploads\/2019\/12\/menu.png\u00bb align=\u00bbcenter\u00bb module_id=\u00bbmain-menu-icon\u00bb module_class=\u00bbno-wrap_row-column half-size-image\u00bb _builder_version=\u00bb4.2.2&#8243; module_alignment=\u00bbcenter\u00bb custom_margin=\u00bb||||false|false\u00bb][\/et_pb_image][et_pb_text module_id=\u00bbmain-menu-module\u00bb module_class=\u00bbmain-menu-module\u00bb _builder_version=\u00bb4.2.2&#8243; z_index=\u00bb500&#8243; text_orientation=\u00bbcenter\u00bb]<a href=\"\/es\/#the-plan\">El plan<\/a>\n<a href=\"\/es\/#the-vision\">La visi\u00f3n<\/a>\n<a href=\"\/es\/#the-theory\">La te\u00f3ria<\/a>\n<a href=\"\/es\/#the-soul\">El alma<\/a>\n<a href=\"\/es\/#the-way\">El camino<\/a>\n<a href=\"\/es\/#the-originators\">Los creadores<\/a>\n<a href=\"\/es\/#the-book\">El libro<\/a>\n[\/et_pb_text][\/et_pb_column][et_pb_column type=\u00bb1_3&#8243; _builder_version=\u00bb4.0.9&#8243; custom_padding=\u00bb||||false|false\u00bb][et_pb_text module_id=\u00bblanguage-selector\u00bb module_class=\u00bbno-wrap_row-column\u00bb _builder_version=\u00bb4.2.1&#8243; module_alignment=\u00bbright\u00bb custom_margin=\u00bb||||false|false\u00bb]\n<div class=\"wpml-ls-statics-shortcode_actions wpml-ls wpml-ls-legacy-list-horizontal\">\n\t<ul><li class=\"wpml-ls-slot-shortcode_actions wpml-ls-item wpml-ls-item-de wpml-ls-first-item wpml-ls-item-legacy-list-horizontal\">\n\t\t\t\t<a href=\"https:\/\/the-plan.earth\/\" class=\"wpml-ls-link\">\n                    <span class=\"wpml-ls-native\" lang=\"de\">DE<\/span><\/a>\n\t\t\t<\/li><li class=\"wpml-ls-slot-shortcode_actions wpml-ls-item wpml-ls-item-en wpml-ls-item-legacy-list-horizontal\">\n\t\t\t\t<a href=\"https:\/\/the-plan.earth\/en\/\" class=\"wpml-ls-link\">\n                    <span class=\"wpml-ls-native\" lang=\"en\">EN<\/span><\/a>\n\t\t\t<\/li><li class=\"wpml-ls-slot-shortcode_actions wpml-ls-item wpml-ls-item-pt-pt wpml-ls-item-legacy-list-horizontal\">\n\t\t\t\t<a href=\"https:\/\/the-plan.earth\/pt-pt\/\" class=\"wpml-ls-link\">\n                    <span class=\"wpml-ls-native\" lang=\"pt-pt\">PT<\/span><\/a>\n\t\t\t<\/li><li class=\"wpml-ls-slot-shortcode_actions wpml-ls-item wpml-ls-item-es wpml-ls-current-language wpml-ls-item-legacy-list-horizontal\">\n\t\t\t\t<a href=\"https:\/\/the-plan.earth\/es\/\" class=\"wpml-ls-link\">\n                    <span class=\"wpml-ls-native\">ES<\/span><\/a>\n\t\t\t<\/li><li class=\"wpml-ls-slot-shortcode_actions wpml-ls-item wpml-ls-item-ru wpml-ls-item-legacy-list-horizontal\">\n\t\t\t\t<a href=\"https:\/\/the-plan.earth\/ru\/\" class=\"wpml-ls-link\">\n                    <span class=\"wpml-ls-native\" lang=\"ru\">RU<\/span><\/a>\n\t\t\t<\/li><li class=\"wpml-ls-slot-shortcode_actions wpml-ls-item wpml-ls-item-nl wpml-ls-item-legacy-list-horizontal\">\n\t\t\t\t<a href=\"https:\/\/the-plan.earth\/nl\/\" class=\"wpml-ls-link\">\n                    <span class=\"wpml-ls-native\" lang=\"nl\">NL<\/span><\/a>\n\t\t\t<\/li><li class=\"wpml-ls-slot-shortcode_actions wpml-ls-item wpml-ls-item-fr wpml-ls-item-legacy-list-horizontal\">\n\t\t\t\t<a href=\"https:\/\/the-plan.earth\/fr\/\" class=\"wpml-ls-link\">\n                    <span class=\"wpml-ls-native\" lang=\"fr\">FR<\/span><\/a>\n\t\t\t<\/li><li class=\"wpml-ls-slot-shortcode_actions wpml-ls-item wpml-ls-item-it wpml-ls-last-item wpml-ls-item-legacy-list-horizontal\">\n\t\t\t\t<a href=\"https:\/\/the-plan.earth\/it\/\" class=\"wpml-ls-link\">\n                    <span class=\"wpml-ls-native\" lang=\"it\">IT<\/span><\/a>\n\t\t\t<\/li><\/ul>\n<\/div>\n[\/et_pb_text][\/et_pb_column][\/et_pb_row][\/et_pb_section][et_pb_section fb_built=\u00bb1&#8243; _builder_version=\u00bb4.0.9&#8243;][et_pb_row _builder_version=\u00bb4.0.9&#8243;][et_pb_column type=\u00bb4_4&#8243; _builder_version=\u00bb4.0.9&#8243;][et_pb_text _builder_version=\u00bb4.4.5&#8243; hover_enabled=\u00bb0&#8243;]<\/p>\n<h2>Pie de imprenta<\/h2>\n<p>Este sitio web fue creado por:<\/p>\n<p>Editorial: Verlag MEIGA GbR<br \/>\nMonika Berghoff y Saskia Breithardt<br \/>\nWaldsiedlung 15<br \/>\nD-14806 Bad Belzig<br \/>\nAlemania<br \/>\nTel\u00e9fono: +49 (0)33841-30538<br \/>\nfax: +49 (0)33841-38550<br \/>\nCorreo electr\u00f3nico: info (at) verlag-meiga.org<\/p>\n<p>V.i.S.d.P.: Monika Berghoff<br \/>\nPuedes encontrar nuestra pol\u00edtica de privacidad <a href=\"https:\/\/the-plan.earth\/es\/proteccion-de-datos\/\">aqu\u00ed<\/a>.<\/p>\n<p><b>Cr\u00e9ditos de la foto:<br \/>\n<\/b>ESO\/VISTA\/J. Emerson<br \/>\niStockphoto<br \/>\nAcciones de Adobe<br \/>\nTAMERA<\/p>\n<p><b>Derechos de autor:<\/b>Esta es la p\u00e1gina web de Verlag MEIGA GbR, representada por sus directores generales. El lugar de jurisdicci\u00f3n es Bad Belzig, Alemania.<\/p>\n<p><b>Disposici\u00f3n:<\/b>La disposici\u00f3n, el dise\u00f1o y los elementos gr\u00e1ficos son propiedad de los derechos de autor de la editorial MEIGA GbR y s\u00f3lo pueden ser utilizados, incluso en parte, por terceros si se ha concedido el permiso correspondiente. Lo mismo se aplica a todos los motivos y textos de las fotos de los productos mostrados; tambi\u00e9n est\u00e1n protegidos por derechos de autor y son propiedad de la editorial MEIGA GbR o bajo licencia de distribuci\u00f3n de la editorial MEIGA GbR. Los terceros necesitan un permiso previo para utilizarlos, incluso en parte.<\/p>\n<p><b>Exclusi\u00f3n de responsabilidad:\u00a0<\/b>Nos distanciamos con toda claridad de cualquier contenido ilegal, personal, moral o \u00e9ticamente ofensivo de las p\u00e1ginas a las que se puede acceder directa o indirectamente a trav\u00e9s de nuestros enlaces externos.<\/p>\n<p><b>Aviso legal: <\/b>La editorial MEIGA comprueba y actualiza constantemente la informaci\u00f3n de sus p\u00e1ginas web. A pesar de todos los cuidados, los datos pueden haber cambiado mientras tanto. Por lo tanto, no podemos asumir ninguna responsabilidad ni garantizar que la informaci\u00f3n proporcionada est\u00e9 actualizada, sea correcta y completa. Lo mismo se aplica a todos los dem\u00e1s sitios web a los que se hace referencia mediante hiperv\u00ednculos. La editorial MEIGA no se hace responsable del contenido de las p\u00e1ginas web a las que se llega a trav\u00e9s de dicho enlace.<\/p>\n<p>Adem\u00e1s, la editorial MEIGA se reserva el derecho de hacer cambios o adiciones a la informaci\u00f3n proporcionada.<\/p>\n<p>Esta obra o contenido de Verlag Meiga est\u00e1 licenciada bajo <a href=\"https:\/\/creativecommons.org\/licenses\/by-nc-nd\/3.0\/de\/deed.es\">una licencia de Creative Commons Attribution-No Commercial Use-No Derivative Works 3.0 Germany License.<\/a><\/p>\n<p>[\/et_pb_text][\/et_pb_column][\/et_pb_row][\/et_pb_section][et_pb_section fb_built=\u00bb1&#8243; module_id=\u00bbfooter\u00bb _builder_version=\u00bb4.2.2&#8243; background_color=\u00bb#092d4f\u00bb width=\u00bb100%\u00bb max_width=\u00bb100%\u00bb custom_margin=\u00bb40px|0px|0px|0px|false|true\u00bb custom_padding=\u00bb36px|0px|40px|0px|false|false\u00bb border_width_all=\u00bb1px\u00bb border_color_all=\u00bbrgba(0,0,0,0)\u00bb global_module=\u00bb1392&#8243; saved_tabs=\u00bball\u00bb collapsed=\u00bboff\u00bb][et_pb_row column_structure=\u00bb1_3,1_3,1_3&#8243; module_class=\u00bbfooter-row\u00bb _builder_version=\u00bb4.0.9&#8243; width=\u00bb100%\u00bb module_alignment=\u00bbcenter\u00bb][et_pb_column type=\u00bb1_3&#8243; _builder_version=\u00bb4.0.9&#8243;][et_pb_text _builder_version=\u00bb4.2.1&#8243;]<\/p>\n<p><a href=\"mailto:info@the-plan.earth\">Contacto<\/a><\/p>\n<p>[\/et_pb_text][\/et_pb_column][et_pb_column type=\u00bb1_3&#8243; _builder_version=\u00bb4.0.9&#8243;][et_pb_text _builder_version=\u00bb4.2.1&#8243;]<\/p>\n<p><a href=\"https:\/\/the-plan.earth\/es\/pie-de-imprenta\/\">Pie de imprenta<\/a><\/p>\n<p>[\/et_pb_text][\/et_pb_column][et_pb_column type=\u00bb1_3&#8243; _builder_version=\u00bb4.0.9&#8243;][et_pb_text _builder_version=\u00bb4.2.1&#8243;]<\/p>\n<p><a href=\"https:\/\/the-plan.earth\/es\/proteccion-de-datos\/\">Protecci\u00f3n de datos<\/a><\/p>\n<p>[\/et_pb_text][\/et_pb_column][\/et_pb_row][et_pb_row module_class=\u00bbfooter-row\u00bb _builder_version=\u00bb4.0.9&#8243; width=\u00bb100%\u00bb max_width=\u00bb100%\u00bb module_alignment=\u00bbcenter\u00bb][et_pb_column type=\u00bb4_4&#8243; _builder_version=\u00bb4.0.9&#8243;][et_pb_text _builder_version=\u00bb4.2.1&#8243; text_orientation=\u00bbcenter\u00bb]<\/p>\n<p>\u00a9 2020 Verlag Meiga<\/p>\n<p>[\/et_pb_text][\/et_pb_column][\/et_pb_row][\/et_pb_section]<\/p>\n","protected":false},"excerpt":{"rendered":"<p><a href=\"\/es\/#the-plan\">El plan<\/a>\n<a href=\"\/es\/#the-vision\">La visi\u00f3n<\/a>\n<a href=\"\/es\/#the-theory\">La te\u00f3ria<\/a>\n<a href=\"\/es\/#the-soul\">El alma<\/a>\n<a href=\"\/es\/#the-way\">El camino<\/a>\n<a href=\"\/es\/#the-originators\">Los creadores<\/a>\n<a href=\"\/es\/#the-book\">El libro<\/a>\n\n<div class=\"wpml-ls-statics-shortcode_actions wpml-ls wpml-ls-legacy-list-horizontal\">\n\t<ul><li class=\"wpml-ls-slot-shortcode_actions wpml-ls-item wpml-ls-item-de wpml-ls-first-item wpml-ls-item-legacy-list-horizontal\">\n\t\t\t\t<a href=\"https:\/\/the-plan.earth\/\" class=\"wpml-ls-link\">\n                    <span class=\"wpml-ls-native\" lang=\"de\">DE<\/span><\/a>\n\t\t\t<\/li><li class=\"wpml-ls-slot-shortcode_actions wpml-ls-item wpml-ls-item-en wpml-ls-item-legacy-list-horizontal\">\n\t\t\t\t<a href=\"https:\/\/the-plan.earth\/en\/\" class=\"wpml-ls-link\">\n                    <span class=\"wpml-ls-native\" lang=\"en\">EN<\/span><\/a>\n\t\t\t<\/li><li class=\"wpml-ls-slot-shortcode_actions wpml-ls-item wpml-ls-item-pt-pt wpml-ls-item-legacy-list-horizontal\">\n\t\t\t\t<a href=\"https:\/\/the-plan.earth\/pt-pt\/\" class=\"wpml-ls-link\">\n                    <span class=\"wpml-ls-native\" lang=\"pt-pt\">PT<\/span><\/a>\n\t\t\t<\/li><li class=\"wpml-ls-slot-shortcode_actions wpml-ls-item wpml-ls-item-es wpml-ls-current-language wpml-ls-item-legacy-list-horizontal\">\n\t\t\t\t<a href=\"https:\/\/the-plan.earth\/es\/\" class=\"wpml-ls-link\">\n                    <span class=\"wpml-ls-native\">ES<\/span><\/a>\n\t\t\t<\/li><li class=\"wpml-ls-slot-shortcode_actions wpml-ls-item wpml-ls-item-ru wpml-ls-item-legacy-list-horizontal\">\n\t\t\t\t<a href=\"https:\/\/the-plan.earth\/ru\/\" class=\"wpml-ls-link\">\n                    <span class=\"wpml-ls-native\" lang=\"ru\">RU<\/span><\/a>\n\t\t\t<\/li><li class=\"wpml-ls-slot-shortcode_actions wpml-ls-item wpml-ls-item-nl wpml-ls-item-legacy-list-horizontal\">\n\t\t\t\t<a href=\"https:\/\/the-plan.earth\/nl\/\" class=\"wpml-ls-link\">\n                    <span class=\"wpml-ls-native\" lang=\"nl\">NL<\/span><\/a>\n\t\t\t<\/li><li class=\"wpml-ls-slot-shortcode_actions wpml-ls-item wpml-ls-item-fr wpml-ls-item-legacy-list-horizontal\">\n\t\t\t\t<a href=\"https:\/\/the-plan.earth\/fr\/\" class=\"wpml-ls-link\">\n                    <span class=\"wpml-ls-native\" lang=\"fr\">FR<\/span><\/a>\n\t\t\t<\/li><li class=\"wpml-ls-slot-shortcode_actions wpml-ls-item wpml-ls-item-it wpml-ls-last-item wpml-ls-item-legacy-list-horizontal\">\n\t\t\t\t<a href=\"https:\/\/the-plan.earth\/it\/\" class=\"wpml-ls-link\">\n                    <span class=\"wpml-ls-native\" lang=\"it\">IT<\/span><\/a>\n\t\t\t<\/li><\/ul>\n<\/div>\n Pie de imprenta Este sitio web fue creado por: Editorial: Verlag MEIGA GbR Monika Berghoff y Saskia Breithardt Waldsiedlung 15 D-14806 Bad Belzig Alemania Tel\u00e9fono: +49 (0)33841-30538 fax: +49 (0)33841-38550 Correo electr\u00f3nico: info (at) verlag-meiga.org V.i.S.d.P.: Monika Berghoff Puedes encontrar nuestra pol\u00edtica de privacidad aqu\u00ed. Cr\u00e9ditos de la foto: ESO\/VISTA\/J. Emerson [&hellip;]<\/p>\n","protected":false},"author":1,"featured_media":0,"parent":0,"menu_order":0,"comment_status":"closed","ping_status":"closed","template":"page-template-blank.php","meta":{"_et_pb_use_builder":"on","_et_pb_old_content":"","_et_gb_content_width":"","footnotes":""},"class_list":["post-2918","page","type-page","status-publish","hentry"],"_links":{"self":[{"href":"https:\/\/the-plan.earth\/es\/wp-json\/wp\/v2\/pages\/2918","targetHints":{"allow":["GET"]}}],"collection":[{"href":"https:\/\/the-plan.earth\/es\/wp-json\/wp\/v2\/pages"}],"about":[{"href":"https:\/\/the-plan.earth\/es\/wp-json\/wp\/v2\/types\/page"}],"author":[{"embeddable":true,"href":"https:\/\/the-plan.earth\/es\/wp-json\/wp\/v2\/users\/1"}],"replies":[{"embeddable":true,"href":"https:\/\/the-plan.earth\/es\/wp-json\/wp\/v2\/comments?post=2918"}],"version-history":[{"count":3,"href":"https:\/\/the-plan.earth\/es\/wp-json\/wp\/v2\/pages\/2918\/revisions"}],"predecessor-version":[{"id":2942,"href":"https:\/\/the-plan.earth\/es\/wp-json\/wp\/v2\/pages\/2918\/revisions\/2942"}],"wp:attachment":[{"href":"https:\/\/the-plan.earth\/es\/wp-json\/wp\/v2\/media?parent=2918"}],"curies":[{"name":"wp","href":"https:\/\/api.w.org\/{rel}","templated":true}]}}